{"id":6365,"date":"2022-03-07T13:37:29","date_gmt":"2022-03-07T12:37:29","guid":{"rendered":"https:\/\/penzionugolfu.cz\/surroundings\/"},"modified":"2025-06-12T11:27:56","modified_gmt":"2025-06-12T09:27:56","slug":"surroundings","status":"publish","type":"page","link":"https:\/\/pensionugolfu.cz\/en\/surroundings\/","title":{"rendered":"Surroundings"},"content":{"rendered":"\t\t<div data-elementor-type=\"wp-page\" data-elementor-id=\"6365\" class=\"elementor elementor-6365 elementor-566\" data-elementor-post-type=\"page\">\n\t\t\t\t\t\t<section class=\"elementor-section elementor-top-section elementor-element elementor-element-b6fcd09 elementor-section-boxed elementor-section-height-default elementor-section-height-default\" data-id=\"b6fcd09\" data-element_type=\"section\" data-e-type=\"section\" data-settings=\"{&quot;jet_parallax_layout_list&quot;:[]}\">\n\t\t\t\t\t\t<div class=\"elementor-container elementor-column-gap-default\">\n\t\t\t\t\t<div class=\"elementor-column elementor-col-100 elementor-top-column elementor-element elementor-element-2355f6c\" data-id=\"2355f6c\" data-element_type=\"column\" data-e-type=\"column\">\n\t\t\t<div class=\"elementor-widget-wrap elementor-element-populated\">\n\t\t\t\t\t\t<div class=\"elementor-element elementor-element-225f6f6 elementor-widget elementor-widget-heading\" data-id=\"225f6f6\" data-element_type=\"widget\" data-e-type=\"widget\" data-widget_type=\"heading.default\">\n\t\t\t\t<div class=\"elementor-widget-container\">\n\t\t\t\t\t<h1 class=\"elementor-heading-title elementor-size-default\">Surroundings<\/h1>\t\t\t\t<\/div>\n\t\t\t\t<\/div>\n\t\t\t\t<div class=\"elementor-element elementor-element-9692332 elementor-widget elementor-widget-text-editor\" data-id=\"9692332\" data-element_type=\"widget\" data-e-type=\"widget\" data-widget_type=\"text-editor.default\">\n\t\t\t\t<div class=\"elementor-widget-container\">\n\t\t\t\t\t\t\t\t\t<p>We bring you tips on where to go on a&nbsp;trip to the surrounding countryside and what cultural sights to visit. You will find out what to do in the city center of Karlovy Vary and we will recommend popular cyclists destinations.<\/p>\t\t\t\t\t\t\t\t<\/div>\n\t\t\t\t<\/div>\n\t\t\t\t<div class=\"elementor-element elementor-element-09f7a97 elementor-widget elementor-widget-heading\" data-id=\"09f7a97\" data-element_type=\"widget\" data-e-type=\"widget\" data-widget_type=\"heading.default\">\n\t\t\t\t<div class=\"elementor-widget-container\">\n\t\t\t\t\t<h2 class=\"elementor-heading-title elementor-size-default\">Spa Triangle in UNESCO<\/h2>\t\t\t\t<\/div>\n\t\t\t\t<\/div>\n\t\t\t\t<div class=\"elementor-element elementor-element-f8055cc elementor-widget elementor-widget-text-editor\" data-id=\"f8055cc\" data-element_type=\"widget\" data-e-type=\"widget\" data-widget_type=\"text-editor.default\">\n\t\t\t\t<div class=\"elementor-widget-container\">\n\t\t\t\t\t\t\t\t\t<p>Karlovy Vary region has a&nbsp;proud position on the world heritage map. The three most important spa towns are looking forward to your visit.<\/p><p>Karlovy Vary <a href=\"http:\/\/www.karlovyvary.cz\" target=\"_blank\" rel=\"noopener\">www.karlovyvary.cz<\/a><br>Mari\u00e1nsk\u00e9 L\u00e1zn\u011b <a href=\"http:\/\/www.marianskelazne.cz\" target=\"_blank\" rel=\"noopener\">www.marianskelazne.cz<\/a><br>Franti\u0161kovy L\u00e1zn\u011b <a href=\"http:\/\/www.frantiskovy-lazne.info\" target=\"_blank\" rel=\"noopener\">www.frantiskovy-lazne.info<\/a><\/p>\t\t\t\t\t\t\t\t<\/div>\n\t\t\t\t<\/div>\n\t\t\t\t<div class=\"elementor-element elementor-element-5bb47ae elementor-widget elementor-widget-text-editor\" data-id=\"5bb47ae\" data-element_type=\"widget\" data-e-type=\"widget\" data-widget_type=\"text-editor.default\">\n\t\t\t\t<div class=\"elementor-widget-container\">\n\t\t\t\t\t\t\t\t\t<p>Karlovy Vary and its historic city centre are now a&nbsp;popular tourist destination. The popularity of the spa and healing springs is complemented by the <strong>KVIFF International Film Festival<\/strong>, which attracts cinema fans from all over the world every year. The city is rich in beautiful historic buildings, where many historical styles are intertwined, including spa buildings and townhouses. You can stroll along the river Tepl\u00e1 through the city centre, visit <strong>five lavish colonnades<\/strong> and try the healing mineral springs, which are famous for their beneficial effects. Traditional <strong>spa wafers<\/strong> are also popular. Every trip to Karlovy Vary should lead through the <strong>Moser<\/strong> glassworks, the <strong>Thun<\/strong> porcelain factory and the <strong>Jan Becher Museum<\/strong> with a&nbsp;tasting of Becherovka herbal liqueur. <strong>The Mattoni Museum<\/strong> presents the footsteps of Mr. Mattoni, his life and the history of mineral water. You can also visit the magnificent neo-Renaissance <strong>Mattoni Villa.<\/strong><\/p><p>If you are interested in learning more about the spring water, take an excursion to the <strong>underground Spring Colonnade<\/strong>. There are <strong>13 mineral springs<\/strong> in the spa town. In the Karlovy Vary Museum you can learn all about the history of the spa town. You can also visit the <strong>Papilonia Butterfly House<\/strong> and the <strong>Wax Museum<\/strong>.<\/p><p>The <strong>lookout towers and viewpoints<\/strong> of Karlovy Vary offer beautiful views. The <strong>Diana<\/strong> tower is on the list of cultural monuments, and you can take a&nbsp;cable car up to it. The oldest sightseeing structure is the wooden gazebo Mayer&#8217;s&nbsp;Gloriette, also known as the <strong>Jelen\u00ed skok<\/strong> (&#8220;Deer Jump&#8221;). A&nbsp;few meters further on is the lookout of the Peter the Great. The <strong>Three Crosses<\/strong> gazebo offers a&nbsp;beautiful view of the city. Another point of interest lies nearby and that is the <strong>Camera Obscura<\/strong>. You can also visit <strong>Goethe&#8217;s&nbsp;lookout<\/strong> which is accessible by car and has a&nbsp;parking lot. In the vicinity of Karlovy Vary there is the <strong>Ple\u0161ivec<\/strong> lookout tower. After climbing 66 steps you will enjoy the view of the Kru\u0161n\u00e9 hory and its highest mountain Kl\u00ednovec. You will also see the Fichtelberg mountain on the German side, the Doupovsk\u00e9 hory and the Slavkovsk\u00fd les. You can drive directly to the <strong>Kl\u00ednovec<\/strong> lookout tower, or you can take the cable car up.<\/p><p>The <strong>Region Card<\/strong> <strong>is<\/strong> available for purchase at the KV Infocentre and online at <a href=\"http:\/\/www.karlovyvarycard.cz\" target=\"_blank\" rel=\"noopener\">www.karlovyvarycard.cz\/en<\/a>.<br>The <strong><a href=\"https:\/\/www.smart-guide.org\/destinations\/cs\/karlovy-vary\/\" target=\"_blank\" rel=\"noopener\">SmartGuide<\/a> app<\/strong> is a&nbsp;guide to cities around the world. This will open a&nbsp;menu of individual routes.<\/p>\t\t\t\t\t\t\t\t<\/div>\n\t\t\t\t<\/div>\n\t\t\t\t<div class=\"elementor-element elementor-element-4143f62 elementor-widget elementor-widget-heading\" data-id=\"4143f62\" data-element_type=\"widget\" data-e-type=\"widget\" data-widget_type=\"heading.default\">\n\t\t\t\t<div class=\"elementor-widget-container\">\n\t\t\t\t\t<h2 class=\"elementor-heading-title elementor-size-default\">Tourist destinations and attractions in the surroundings<\/h2>\t\t\t\t<\/div>\n\t\t\t\t<\/div>\n\t\t\t\t<div class=\"elementor-element elementor-element-484bf68 elementor-widget elementor-widget-text-editor\" data-id=\"484bf68\" data-element_type=\"widget\" data-e-type=\"widget\" data-widget_type=\"text-editor.default\">\n\t\t\t\t<div class=\"elementor-widget-container\">\n\t\t\t\t\t\t\t\t\t<p>The destinations of the trips can be castles, palaces and ruins. The medieval <strong>Loket Castle<\/strong> offers visitors an exhibition of historical weapons, Gothic wall paintings and exhibits from the Loket collection. Special mention should be made of the Loket Castle Amphitheatre, where you can enjoy plenty of <strong>cultural experiences<\/strong> in summer. The state <strong>castle and chateau of Be\u010dov nad Teplou<\/strong> offers many attractions. The rarest jewel is <strong>reliquary of St. Maurus <\/strong>, the second most valuable monument in the Czech Republic after the Crown Jewels, with engravings dating from the 1st to 3rd century AD.    In Be\u010dov you can also visit the botanical garden, the toy museum or the moto museum.<\/p><p>The popular ski resort is located in the mountain village of <strong>Bo\u017e\u00ed dar<\/strong>. Together with the nearby <strong>Kl\u00ednovec <\/strong>ski resort, it offers skiers many downhill slopes of varying difficulty in winter. The wild nature of the mountains of Kru\u0161n\u00e9 hory is also perfect for hiking and cycling. The nature trail leading through the national nature reserve <strong>Bo\u017e\u00eddarsk\u00e9 peat bog<\/strong> is one of several options.<\/p>\t\t\t\t\t\t\t\t<\/div>\n\t\t\t\t<\/div>\n\t\t\t\t<div class=\"elementor-element elementor-element-6b1ae8c elementor-widget elementor-widget-heading\" data-id=\"6b1ae8c\" data-element_type=\"widget\" data-e-type=\"widget\" data-widget_type=\"heading.default\">\n\t\t\t\t<div class=\"elementor-widget-container\">\n\t\t\t\t\t<h2 class=\"elementor-heading-title elementor-size-default\">Families with children<\/h2>\t\t\t\t<\/div>\n\t\t\t\t<\/div>\n\t\t\t\t<div class=\"elementor-element elementor-element-c96132f elementor-widget elementor-widget-text-editor\" data-id=\"c96132f\" data-element_type=\"widget\" data-e-type=\"widget\" data-widget_type=\"text-editor.default\">\n\t\t\t\t<div class=\"elementor-widget-container\">\n\t\t\t\t\t\t\t\t\t<p class=\"p1\">In the Thun Porcelain School you can decorate your own mugs or take a&nbsp;ride in the <strong>Children&#8217;s&nbsp;Paradise<\/strong> at the Svato\u0161sk\u00e9 sk\u00e1ly on Appaloosa indian horses. In the <strong>Christmas House<\/strong> you and your children will experience the magical atmosphere of Christmas all year round.<\/p><p>If you are going on a&nbsp;trip with children, take the fairytale trail <strong>Baby Jesus Trail<\/strong> in Bo\u017e\u00ed dar village. Active experiences are offered by the Children&#8217;s&nbsp;World in the Novako Ski Resort with mountain scooters and off-road carts rental. You can visit the rope park in the Ple\u0161ivec area or observation tower overlooking Loket Castle. Our tip is <strong>Miniaturpark<\/strong> Bohemia in Mari\u00e1nsk\u00e9 L\u00e1zn\u011b.<\/p>\t\t\t\t\t\t\t\t<\/div>\n\t\t\t\t<\/div>\n\t\t\t\t<div class=\"elementor-element elementor-element-1e30e6d elementor-align-center elementor-widget__width-auto elementor-widget elementor-widget-button\" data-id=\"1e30e6d\" data-element_type=\"widget\" data-e-type=\"widget\" data-widget_type=\"button.default\">\n\t\t\t\t<div class=\"elementor-widget-container\">\n\t\t\t\t\t\t\t\t\t<div class=\"elementor-button-wrapper\">\n\t\t\t\t\t<a class=\"elementor-button elementor-button-link elementor-size-sm\" href=\"https:\/\/pensionugolfu.cz\/en\/tourist-destinations\/\">\n\t\t\t\t\t\t<span class=\"elementor-button-content-wrapper\">\n\t\t\t\t\t\t\t\t\t<span class=\"elementor-button-text\">Cycle tours<\/span>\n\t\t\t\t\t<\/span>\n\t\t\t\t\t<\/a>\n\t\t\t\t<\/div>\n\t\t\t\t\t\t\t\t<\/div>\n\t\t\t\t<\/div>\n\t\t\t\t<div class=\"elementor-element elementor-element-f001ef3 elementor-widget elementor-widget-shortcode\" data-id=\"f001ef3\" data-element_type=\"widget\" data-e-type=\"widget\" data-widget_type=\"shortcode.default\">\n\t\t\t\t<div class=\"elementor-widget-container\">\n\t\t\t\t\t\t\t<div class=\"elementor-shortcode\">\t\t<div data-elementor-type=\"section\" data-elementor-id=\"2032\" class=\"elementor elementor-2032\" data-elementor-post-type=\"elementor_library\">\n\t\t\t\t\t<section class=\"elementor-section elementor-top-section elementor-element elementor-element-2be82901 elementor-section-boxed elementor-section-height-default elementor-section-height-default\" data-id=\"2be82901\" data-element_type=\"section\" data-e-type=\"section\" data-settings=\"{&quot;jet_parallax_layout_list&quot;:[]}\">\n\t\t\t\t\t\t<div class=\"elementor-container elementor-column-gap-default\">\n\t\t\t\t\t<div class=\"elementor-column elementor-col-100 elementor-top-column elementor-element elementor-element-4b5d9b98\" data-id=\"4b5d9b98\" data-element_type=\"column\" data-e-type=\"column\">\n\t\t\t<div class=\"elementor-widget-wrap elementor-element-populated\">\n\t\t\t\t\t\t<div class=\"elementor-element elementor-element-1f3747c8 elementor-widget elementor-widget-image\" data-id=\"1f3747c8\" data-element_type=\"widget\" data-e-type=\"widget\" data-widget_type=\"image.default\">\n\t\t\t\t<div class=\"elementor-widget-container\">\n\t\t\t\t\t\t\t\t\t\t\t\t\t\t\t\t<a href=\"https:\/\/pensionugolfu.cz\/en\/\">\n\t\t\t\t\t\t\t<img decoding=\"async\" width=\"52\" height=\"70\" src=\"https:\/\/pensionugolfu.cz\/wp-content\/uploads\/2022\/03\/icon-cahteau-cihelny_-2.svg\" class=\"attachment-full size-full wp-image-6160\" alt=\"\" \/>\t\t\t\t\t\t\t\t<\/a>\n\t\t\t\t\t\t\t\t\t\t\t\t\t\t\t<\/div>\n\t\t\t\t<\/div>\n\t\t\t\t\t<\/div>\n\t\t<\/div>\n\t\t\t\t\t<\/div>\n\t\t<\/section>\n\t\t\t\t<\/div>\n\t\t<\/div>\n\t\t\t\t\t\t<\/div>\n\t\t\t\t<\/div>\n\t\t\t\t\t<\/div>\n\t\t<\/div>\n\t\t\t\t\t<\/div>\n\t\t<\/section>\n\t\t\t\t<\/div>\n\t\t","protected":false},"excerpt":{"rendered":"<p>Surroundings We bring you tips on where to go on a&nbsp;trip to the surrounding countryside and what cultural sights to visit. You will find out what to do in the city center of Karlovy Vary and we will recommend popular cyclists destinations. Spa Triangle in UNESCO Karlovy Vary region has a&nbsp;proud position on the world [&hellip;]<\/p>\n","protected":false},"author":8,"featured_media":0,"parent":0,"menu_order":0,"comment_status":"closed","ping_status":"closed","template":"","meta":{"inline_featured_image":false,"iawp_total_views":12,"footnotes":""},"class_list":["post-6365","page","type-page","status-publish","hentry"],"_links":{"self":[{"href":"https:\/\/pensionugolfu.cz\/en\/wp-json\/wp\/v2\/pages\/6365","targetHints":{"allow":["GET"]}}],"collection":[{"href":"https:\/\/pensionugolfu.cz\/en\/wp-json\/wp\/v2\/pages"}],"about":[{"href":"https:\/\/pensionugolfu.cz\/en\/wp-json\/wp\/v2\/types\/page"}],"author":[{"embeddable":true,"href":"https:\/\/pensionugolfu.cz\/en\/wp-json\/wp\/v2\/users\/8"}],"replies":[{"embeddable":true,"href":"https:\/\/pensionugolfu.cz\/en\/wp-json\/wp\/v2\/comments?post=6365"}],"version-history":[{"count":2,"href":"https:\/\/pensionugolfu.cz\/en\/wp-json\/wp\/v2\/pages\/6365\/revisions"}],"predecessor-version":[{"id":11160,"href":"https:\/\/pensionugolfu.cz\/en\/wp-json\/wp\/v2\/pages\/6365\/revisions\/11160"}],"wp:attachment":[{"href":"https:\/\/pensionugolfu.cz\/en\/wp-json\/wp\/v2\/media?parent=6365"}],"curies":[{"name":"wp","href":"https:\/\/api.w.org\/{rel}","templated":true}]}}