{"id":5657,"date":"2022-10-14T10:31:16","date_gmt":"2022-10-14T08:31:16","guid":{"rendered":"https:\/\/penzionugolfu.cz\/weinkarte\/"},"modified":"2026-01-12T10:36:26","modified_gmt":"2026-01-12T09:36:26","slug":"weinkarte","status":"publish","type":"page","link":"https:\/\/pensionugolfu.cz\/de\/weinkarte\/","title":{"rendered":"Weinkarte"},"content":{"rendered":"\t\t<div data-elementor-type=\"wp-page\" data-elementor-id=\"5657\" class=\"elementor elementor-5657 elementor-4662\" data-elementor-post-type=\"page\">\n\t\t\t\t<section class=\"elementor-element elementor-element-e1ab7c4 e-flex e-con-boxed e-con e-parent\" data-id=\"e1ab7c4\" data-element_type=\"container\" data-e-type=\"container\" data-settings=\"{&quot;jet_parallax_layout_list&quot;:[]}\">\n\t\t\t\t\t<div class=\"e-con-inner\">\n\t\t<div class=\"elementor-element elementor-element-3037e95 e-con-full e-flex e-con e-child\" data-id=\"3037e95\" data-element_type=\"container\" data-e-type=\"container\" data-settings=\"{&quot;jet_parallax_layout_list&quot;:[]}\">\n\t\t\t\t<div class=\"elementor-element elementor-element-4380352 elementor-widget elementor-widget-heading\" data-id=\"4380352\" data-element_type=\"widget\" data-e-type=\"widget\" data-widget_type=\"heading.default\">\n\t\t\t\t<div class=\"elementor-widget-container\">\n\t\t\t\t\t<h2 class=\"elementor-heading-title elementor-size-default\">Weinkarte<\/h2>\t\t\t\t<\/div>\n\t\t\t\t<\/div>\n\t\t\t\t<div class=\"elementor-element elementor-element-20c7baa elementor-view-default elementor-position-block-start elementor-mobile-position-block-start elementor-widget elementor-widget-icon-box\" data-id=\"20c7baa\" data-element_type=\"widget\" data-e-type=\"widget\" data-widget_type=\"icon-box.default\">\n\t\t\t\t<div class=\"elementor-widget-container\">\n\t\t\t\t\t\t\t<div class=\"elementor-icon-box-wrapper\">\n\n\t\t\t\t\t\t<div class=\"elementor-icon-box-icon\">\n\t\t\t\t<a href=\"https:\/\/pensionugolfu.cz\/wp-content\/uploads\/2026\/01\/2024-03-VinnyListek-ChateauCihelny-nahled.pdf\" target=\"_blank\" class=\"elementor-icon\" tabindex=\"-1\" aria-label=\"Weinkarte\">\n\t\t\t\t<i aria-hidden=\"true\" class=\"fas fa-file-pdf\"><\/i>\t\t\t\t<\/a>\n\t\t\t<\/div>\n\t\t\t\n\t\t\t\t\t\t<div class=\"elementor-icon-box-content\">\n\n\t\t\t\t\t\t\t\t\t<h3 class=\"elementor-icon-box-title\">\n\t\t\t\t\t\t<a href=\"https:\/\/pensionugolfu.cz\/wp-content\/uploads\/2026\/01\/2024-03-VinnyListek-ChateauCihelny-nahled.pdf\" target=\"_blank\" >\n\t\t\t\t\t\t\tWeinkarte\t\t\t\t\t\t<\/a>\n\t\t\t\t\t<\/h3>\n\t\t\t\t\n\t\t\t\t\t\t\t\t\t<p class=\"elementor-icon-box-description\">\n\t\t\t\t\t\tHier k\u00f6nnen Sie die Weinkarte des Restaurants <\/br>Ch\u00e2teau Cihelny im PDF-Format herunterladen.\t\t\t\t\t<\/p>\n\t\t\t\t\n\t\t\t<\/div>\n\t\t\t\n\t\t<\/div>\n\t\t\t\t\t\t<\/div>\n\t\t\t\t<\/div>\n\t\t<div class=\"elementor-element elementor-element-09b094d e-con-full e-flex e-con e-child\" data-id=\"09b094d\" data-element_type=\"container\" data-e-type=\"container\" data-settings=\"{&quot;jet_parallax_layout_list&quot;:[]}\">\n\t\t\t\t<div class=\"elementor-element elementor-element-aab12f0 elementor-align-center elementor-widget__width-auto elementor-widget elementor-widget-button\" data-id=\"aab12f0\" data-element_type=\"widget\" data-e-type=\"widget\" data-widget_type=\"button.default\">\n\t\t\t\t<div class=\"elementor-widget-container\">\n\t\t\t\t\t\t\t\t\t<div class=\"elementor-button-wrapper\">\n\t\t\t\t\t<a class=\"elementor-button elementor-button-link elementor-size-sm\" href=\"https:\/\/villagolfcihelny.cz\/jidelni-listek\/\" target=\"_blank\" rel=\"noopener\">\n\t\t\t\t\t\t<span class=\"elementor-button-content-wrapper\">\n\t\t\t\t\t\t\t\t\t<span class=\"elementor-button-text\">Schloss - Men\u00fc<\/span>\n\t\t\t\t\t<\/span>\n\t\t\t\t\t<\/a>\n\t\t\t\t<\/div>\n\t\t\t\t\t\t\t\t<\/div>\n\t\t\t\t<\/div>\n\t\t\t\t<div class=\"elementor-element elementor-element-f0d0aea elementor-align-center elementor-widget__width-auto elementor-widget elementor-widget-button\" data-id=\"f0d0aea\" data-element_type=\"widget\" data-e-type=\"widget\" data-widget_type=\"button.default\">\n\t\t\t\t<div class=\"elementor-widget-container\">\n\t\t\t\t\t\t\t\t\t<div class=\"elementor-button-wrapper\">\n\t\t\t\t\t<a class=\"elementor-button elementor-button-link elementor-size-sm\" href=\"https:\/\/villagolfcihelny.cz\/rezervace-stolu-restaurace\/\" target=\"_blank\" rel=\"noopener\">\n\t\t\t\t\t\t<span class=\"elementor-button-content-wrapper\">\n\t\t\t\t\t\t\t\t\t<span class=\"elementor-button-text\">Tisch-Reservierung<\/span>\n\t\t\t\t\t<\/span>\n\t\t\t\t\t<\/a>\n\t\t\t\t<\/div>\n\t\t\t\t\t\t\t\t<\/div>\n\t\t\t\t<\/div>\n\t\t\t\t<\/div>\n\t\t\t\t<div class=\"elementor-element elementor-element-f693035 elementor-widget elementor-widget-shortcode\" data-id=\"f693035\" data-element_type=\"widget\" data-e-type=\"widget\" data-widget_type=\"shortcode.default\">\n\t\t\t\t<div class=\"elementor-widget-container\">\n\t\t\t\t\t\t\t<div class=\"elementor-shortcode\">\t\t<div data-elementor-type=\"section\" data-elementor-id=\"2032\" class=\"elementor elementor-2032\" data-elementor-post-type=\"elementor_library\">\n\t\t\t\t\t<section class=\"elementor-section elementor-top-section elementor-element elementor-element-2be82901 elementor-section-boxed elementor-section-height-default elementor-section-height-default\" data-id=\"2be82901\" data-element_type=\"section\" data-e-type=\"section\" data-settings=\"{&quot;jet_parallax_layout_list&quot;:[]}\">\n\t\t\t\t\t\t<div class=\"elementor-container elementor-column-gap-default\">\n\t\t\t\t\t<div class=\"elementor-column elementor-col-100 elementor-top-column elementor-element elementor-element-4b5d9b98\" data-id=\"4b5d9b98\" data-element_type=\"column\" data-e-type=\"column\">\n\t\t\t<div class=\"elementor-widget-wrap elementor-element-populated\">\n\t\t\t\t\t\t<div class=\"elementor-element elementor-element-1f3747c8 elementor-widget elementor-widget-image\" data-id=\"1f3747c8\" data-element_type=\"widget\" data-e-type=\"widget\" data-widget_type=\"image.default\">\n\t\t\t\t<div class=\"elementor-widget-container\">\n\t\t\t\t\t\t\t\t\t\t\t\t\t\t\t\t<a href=\"https:\/\/pensionugolfu.cz\/de\/\">\n\t\t\t\t\t\t\t<img decoding=\"async\" width=\"52\" height=\"70\" src=\"https:\/\/pensionugolfu.cz\/wp-content\/uploads\/2022\/03\/icon-cahteau-cihelny_-2.svg\" class=\"attachment-full size-full wp-image-4870\" alt=\"\" \/>\t\t\t\t\t\t\t\t<\/a>\n\t\t\t\t\t\t\t\t\t\t\t\t\t\t\t<\/div>\n\t\t\t\t<\/div>\n\t\t\t\t\t<\/div>\n\t\t<\/div>\n\t\t\t\t\t<\/div>\n\t\t<\/section>\n\t\t\t\t<\/div>\n\t\t<\/div>\n\t\t\t\t\t\t<\/div>\n\t\t\t\t<\/div>\n\t\t\t\t<\/div>\n\t\t\t\t\t<\/div>\n\t\t\t\t<\/section>\n\t\t\t\t<\/div>\n\t\t","protected":false},"excerpt":{"rendered":"<p>Weinkarte Weinkarte Hier k\u00f6nnen Sie die Weinkarte des Restaurants Ch\u00e2teau Cihelny im PDF-Format herunterladen. Schloss &#8211; Men\u00fc Tisch-Reservierung<\/p>\n","protected":false},"author":8,"featured_media":0,"parent":0,"menu_order":0,"comment_status":"closed","ping_status":"closed","template":"","meta":{"inline_featured_image":false,"iawp_total_views":1,"footnotes":""},"class_list":["post-5657","page","type-page","status-publish","hentry"],"_links":{"self":[{"href":"https:\/\/pensionugolfu.cz\/de\/wp-json\/wp\/v2\/pages\/5657","targetHints":{"allow":["GET"]}}],"collection":[{"href":"https:\/\/pensionugolfu.cz\/de\/wp-json\/wp\/v2\/pages"}],"about":[{"href":"https:\/\/pensionugolfu.cz\/de\/wp-json\/wp\/v2\/types\/page"}],"author":[{"embeddable":true,"href":"https:\/\/pensionugolfu.cz\/de\/wp-json\/wp\/v2\/users\/8"}],"replies":[{"embeddable":true,"href":"https:\/\/pensionugolfu.cz\/de\/wp-json\/wp\/v2\/comments?post=5657"}],"version-history":[{"count":6,"href":"https:\/\/pensionugolfu.cz\/de\/wp-json\/wp\/v2\/pages\/5657\/revisions"}],"predecessor-version":[{"id":11331,"href":"https:\/\/pensionugolfu.cz\/de\/wp-json\/wp\/v2\/pages\/5657\/revisions\/11331"}],"wp:attachment":[{"href":"https:\/\/pensionugolfu.cz\/de\/wp-json\/wp\/v2\/media?parent=5657"}],"curies":[{"name":"wp","href":"https:\/\/api.w.org\/{rel}","templated":true}]}}