{"id":5387,"date":"2022-05-19T15:34:08","date_gmt":"2022-05-19T13:34:08","guid":{"rendered":"https:\/\/penzionugolfu.cz\/hotel-u-zamecku-foto-galerie\/"},"modified":"2023-05-02T12:10:55","modified_gmt":"2023-05-02T10:10:55","slug":"hotel-u-zamecku-foto-galerie","status":"publish","type":"page","link":"https:\/\/pensionugolfu.cz\/de\/hotel-u-zamecku-foto-galerie\/","title":{"rendered":"Hotel U&nbsp;Z\u00e1me\u010dku \u2013 Foto-Galerie"},"content":{"rendered":"\t\t<div data-elementor-type=\"wp-page\" data-elementor-id=\"5387\" class=\"elementor elementor-5387\" data-elementor-post-type=\"page\">\n\t\t\t\t\t\t<section class=\"elementor-section elementor-top-section elementor-element elementor-element-80c124e elementor-section-boxed elementor-section-height-default elementor-section-height-default\" data-id=\"80c124e\" data-element_type=\"section\" data-e-type=\"section\" data-settings=\"{&quot;jet_parallax_layout_list&quot;:[]}\">\n\t\t\t\t\t\t<div class=\"elementor-container elementor-column-gap-default\">\n\t\t\t\t\t<div class=\"elementor-column elementor-col-100 elementor-top-column elementor-element elementor-element-287e704\" data-id=\"287e704\" data-element_type=\"column\" data-e-type=\"column\">\n\t\t\t<div class=\"elementor-widget-wrap elementor-element-populated\">\n\t\t\t\t\t\t<div class=\"elementor-element elementor-element-fdc13ca elementor-widget elementor-widget-heading\" data-id=\"fdc13ca\" data-element_type=\"widget\" data-e-type=\"widget\" data-widget_type=\"heading.default\">\n\t\t\t\t<div class=\"elementor-widget-container\">\n\t\t\t\t\t<h1 class=\"elementor-heading-title elementor-size-default\">Hotel U&nbsp;Z\u00e1me\u010dku \u2013 Foto-Galerie<\/h1>\t\t\t\t<\/div>\n\t\t\t\t<\/div>\n\t\t\t\t<div class=\"elementor-element elementor-element-60fc676 elementor-widget elementor-widget-text-editor\" data-id=\"60fc676\" data-element_type=\"widget\" data-e-type=\"widget\" data-widget_type=\"text-editor.default\">\n\t\t\t\t<div class=\"elementor-widget-container\">\n\t\t\t\t\t\t\t\t\t<p>Das Hotel U&nbsp;Z\u00e1me\u010dku<strong>***<\/strong> ist ein Bestandteil des Hotelkomplexes Ch\u00e2teau Cihelny****Art Royal Spa Hotel, der sich im Bereich des eigenen weitl\u00e4ufigen Schlossgartens, in der \u00f6kologisch sauberen Umgebung des Landschaftsschutzgebietes Slavkovsk\u00fd les, befindet.<\/p>\n\t\t\t\t\t\t\t\t<\/div>\n\t\t\t\t<\/div>\n\t\t\t\t\t<\/div>\n\t\t<\/div>\n\t\t\t\t\t<\/div>\n\t\t<\/section>\n\t\t\t\t<section class=\"elementor-section elementor-top-section elementor-element elementor-element-132d4fc elementor-section-boxed elementor-section-height-default elementor-section-height-default\" data-id=\"132d4fc\" data-element_type=\"section\" data-e-type=\"section\" data-settings=\"{&quot;jet_parallax_layout_list&quot;:[]}\">\n\t\t\t\t\t\t<div class=\"elementor-container elementor-column-gap-default\">\n\t\t\t\t\t<div class=\"elementor-column elementor-col-100 elementor-top-column elementor-element elementor-element-7ad63e5\" data-id=\"7ad63e5\" data-element_type=\"column\" data-e-type=\"column\">\n\t\t\t<div class=\"elementor-widget-wrap elementor-element-populated\">\n\t\t\t\t\t\t<div class=\"elementor-element elementor-element-0826752 elementor-widget elementor-widget-gallery\" data-id=\"0826752\" data-element_type=\"widget\" data-e-type=\"widget\" data-settings=\"{&quot;gallery_layout&quot;:&quot;justified&quot;,&quot;ideal_row_height&quot;:{&quot;unit&quot;:&quot;px&quot;,&quot;size&quot;:250,&quot;sizes&quot;:[]},&quot;ideal_row_height_tablet&quot;:{&quot;unit&quot;:&quot;px&quot;,&quot;size&quot;:200,&quot;sizes&quot;:[]},&quot;ideal_row_height_mobile&quot;:{&quot;unit&quot;:&quot;px&quot;,&quot;size&quot;:200,&quot;sizes&quot;:[]},&quot;lazyload&quot;:&quot;yes&quot;,&quot;gap&quot;:{&quot;unit&quot;:&quot;px&quot;,&quot;size&quot;:10,&quot;sizes&quot;:[]},&quot;gap_tablet&quot;:{&quot;unit&quot;:&quot;px&quot;,&quot;size&quot;:10,&quot;sizes&quot;:[]},&quot;gap_mobile&quot;:{&quot;unit&quot;:&quot;px&quot;,&quot;size&quot;:10,&quot;sizes&quot;:[]},&quot;link_to&quot;:&quot;file&quot;,&quot;overlay_background&quot;:&quot;yes&quot;,&quot;content_hover_animation&quot;:&quot;fade-in&quot;}\" data-widget_type=\"gallery.default\">\n\t\t\t\t<div class=\"elementor-widget-container\">\n\t\t\t\t\t\t\t<div class=\"elementor-gallery__container\">\n\t\t\t\t\t\t\t<a class=\"e-gallery-item elementor-gallery-item elementor-animated-content\" href=\"https:\/\/pensionugolfu.cz\/wp-content\/uploads\/2022\/06\/Hotel-2022-IMG_1329-crop2.jpg\" data-elementor-open-lightbox=\"yes\" data-elementor-lightbox-slideshow=\"0826752\" data-e-action-hash=\"#elementor-action%3Aaction%3Dlightbox%26settings%3DeyJpZCI6NDk0MywidXJsIjoiaHR0cHM6XC9cL3BlbnNpb251Z29sZnUuY3pcL3dwLWNvbnRlbnRcL3VwbG9hZHNcLzIwMjJcLzA2XC9Ib3RlbC0yMDIyLUlNR18xMzI5LWNyb3AyLmpwZyIsInNsaWRlc2hvdyI6IjA4MjY3NTIifQ%3D%3D\">\n\t\t\t\t\t<div class=\"e-gallery-image elementor-gallery-item__image\" data-thumbnail=\"https:\/\/pensionugolfu.cz\/wp-content\/uploads\/2022\/06\/Hotel-2022-IMG_1329-crop2-768x461.jpg\" data-width=\"768\" data-height=\"461\" aria-label=\"\" role=\"img\" ><\/div>\n\t\t\t\t\t\t\t\t\t\t\t<div class=\"elementor-gallery-item__overlay\"><\/div>\n\t\t\t\t\t\t\t\t\t\t\t\t\t\t<\/a>\n\t\t\t\t\t\t\t<a class=\"e-gallery-item elementor-gallery-item elementor-animated-content\" href=\"https:\/\/pensionugolfu.cz\/wp-content\/uploads\/2022\/04\/Royal-Golf-hotel-046.jpg\" data-elementor-open-lightbox=\"yes\" data-elementor-lightbox-slideshow=\"0826752\" data-e-action-hash=\"#elementor-action%3Aaction%3Dlightbox%26settings%3DeyJpZCI6NDkzNiwidXJsIjoiaHR0cHM6XC9cL3BlbnNpb251Z29sZnUuY3pcL3dwLWNvbnRlbnRcL3VwbG9hZHNcLzIwMjJcLzA0XC9Sb3lhbC1Hb2xmLWhvdGVsLTA0Ni5qcGciLCJzbGlkZXNob3ciOiIwODI2NzUyIn0%3D\">\n\t\t\t\t\t<div class=\"e-gallery-image elementor-gallery-item__image\" data-thumbnail=\"https:\/\/pensionugolfu.cz\/wp-content\/uploads\/2022\/04\/Royal-Golf-hotel-046-768x512.jpg\" data-width=\"768\" data-height=\"512\" aria-label=\"\" role=\"img\" ><\/div>\n\t\t\t\t\t\t\t\t\t\t\t<div class=\"elementor-gallery-item__overlay\"><\/div>\n\t\t\t\t\t\t\t\t\t\t\t\t\t\t<\/a>\n\t\t\t\t\t\t\t<a class=\"e-gallery-item elementor-gallery-item elementor-animated-content\" href=\"https:\/\/pensionugolfu.cz\/wp-content\/uploads\/2022\/04\/Royal-Golf-hotel-044.jpg\" data-elementor-open-lightbox=\"yes\" data-elementor-lightbox-slideshow=\"0826752\" data-e-action-hash=\"#elementor-action%3Aaction%3Dlightbox%26settings%3DeyJpZCI6NDkzNSwidXJsIjoiaHR0cHM6XC9cL3BlbnNpb251Z29sZnUuY3pcL3dwLWNvbnRlbnRcL3VwbG9hZHNcLzIwMjJcLzA0XC9Sb3lhbC1Hb2xmLWhvdGVsLTA0NC5qcGciLCJzbGlkZXNob3ciOiIwODI2NzUyIn0%3D\">\n\t\t\t\t\t<div class=\"e-gallery-image elementor-gallery-item__image\" data-thumbnail=\"https:\/\/pensionugolfu.cz\/wp-content\/uploads\/2022\/04\/Royal-Golf-hotel-044-768x512.jpg\" data-width=\"768\" data-height=\"512\" aria-label=\"\" role=\"img\" ><\/div>\n\t\t\t\t\t\t\t\t\t\t\t<div class=\"elementor-gallery-item__overlay\"><\/div>\n\t\t\t\t\t\t\t\t\t\t\t\t\t\t<\/a>\n\t\t\t\t\t\t\t<a class=\"e-gallery-item elementor-gallery-item elementor-animated-content\" href=\"https:\/\/pensionugolfu.cz\/wp-content\/uploads\/2022\/04\/Royal-Golf-hotel-043.jpg\" data-elementor-open-lightbox=\"yes\" data-elementor-lightbox-slideshow=\"0826752\" data-e-action-hash=\"#elementor-action%3Aaction%3Dlightbox%26settings%3DeyJpZCI6NDkzNCwidXJsIjoiaHR0cHM6XC9cL3BlbnNpb251Z29sZnUuY3pcL3dwLWNvbnRlbnRcL3VwbG9hZHNcLzIwMjJcLzA0XC9Sb3lhbC1Hb2xmLWhvdGVsLTA0My5qcGciLCJzbGlkZXNob3ciOiIwODI2NzUyIn0%3D\">\n\t\t\t\t\t<div class=\"e-gallery-image elementor-gallery-item__image\" data-thumbnail=\"https:\/\/pensionugolfu.cz\/wp-content\/uploads\/2022\/04\/Royal-Golf-hotel-043-768x1152.jpg\" data-width=\"768\" data-height=\"1152\" aria-label=\"\" role=\"img\" ><\/div>\n\t\t\t\t\t\t\t\t\t\t\t<div class=\"elementor-gallery-item__overlay\"><\/div>\n\t\t\t\t\t\t\t\t\t\t\t\t\t\t<\/a>\n\t\t\t\t\t\t\t<a class=\"e-gallery-item elementor-gallery-item elementor-animated-content\" href=\"https:\/\/pensionugolfu.cz\/wp-content\/uploads\/2022\/04\/Royal-Golf-hotel-040.jpg\" data-elementor-open-lightbox=\"yes\" data-elementor-lightbox-slideshow=\"0826752\" data-e-action-hash=\"#elementor-action%3Aaction%3Dlightbox%26settings%3DeyJpZCI6NDkzMywidXJsIjoiaHR0cHM6XC9cL3BlbnNpb251Z29sZnUuY3pcL3dwLWNvbnRlbnRcL3VwbG9hZHNcLzIwMjJcLzA0XC9Sb3lhbC1Hb2xmLWhvdGVsLTA0MC5qcGciLCJzbGlkZXNob3ciOiIwODI2NzUyIn0%3D\">\n\t\t\t\t\t<div class=\"e-gallery-image elementor-gallery-item__image\" data-thumbnail=\"https:\/\/pensionugolfu.cz\/wp-content\/uploads\/2022\/04\/Royal-Golf-hotel-040-768x512.jpg\" data-width=\"768\" data-height=\"512\" aria-label=\"\" role=\"img\" ><\/div>\n\t\t\t\t\t\t\t\t\t\t\t<div class=\"elementor-gallery-item__overlay\"><\/div>\n\t\t\t\t\t\t\t\t\t\t\t\t\t\t<\/a>\n\t\t\t\t\t\t\t<a class=\"e-gallery-item elementor-gallery-item elementor-animated-content\" href=\"https:\/\/pensionugolfu.cz\/wp-content\/uploads\/2022\/04\/Royal-Golf-hotel-036.jpg\" data-elementor-open-lightbox=\"yes\" data-elementor-lightbox-slideshow=\"0826752\" data-e-action-hash=\"#elementor-action%3Aaction%3Dlightbox%26settings%3DeyJpZCI6NDkzMiwidXJsIjoiaHR0cHM6XC9cL3BlbnNpb251Z29sZnUuY3pcL3dwLWNvbnRlbnRcL3VwbG9hZHNcLzIwMjJcLzA0XC9Sb3lhbC1Hb2xmLWhvdGVsLTAzNi5qcGciLCJzbGlkZXNob3ciOiIwODI2NzUyIn0%3D\">\n\t\t\t\t\t<div class=\"e-gallery-image elementor-gallery-item__image\" data-thumbnail=\"https:\/\/pensionugolfu.cz\/wp-content\/uploads\/2022\/04\/Royal-Golf-hotel-036-768x512.jpg\" data-width=\"768\" data-height=\"512\" aria-label=\"\" role=\"img\" ><\/div>\n\t\t\t\t\t\t\t\t\t\t\t<div class=\"elementor-gallery-item__overlay\"><\/div>\n\t\t\t\t\t\t\t\t\t\t\t\t\t\t<\/a>\n\t\t\t\t\t\t\t<a class=\"e-gallery-item elementor-gallery-item elementor-animated-content\" href=\"https:\/\/pensionugolfu.cz\/wp-content\/uploads\/2022\/04\/Royal-Golf-hotel-035.jpg\" data-elementor-open-lightbox=\"yes\" data-elementor-lightbox-slideshow=\"0826752\" data-e-action-hash=\"#elementor-action%3Aaction%3Dlightbox%26settings%3DeyJpZCI6NDkzMSwidXJsIjoiaHR0cHM6XC9cL3BlbnNpb251Z29sZnUuY3pcL3dwLWNvbnRlbnRcL3VwbG9hZHNcLzIwMjJcLzA0XC9Sb3lhbC1Hb2xmLWhvdGVsLTAzNS5qcGciLCJzbGlkZXNob3ciOiIwODI2NzUyIn0%3D\">\n\t\t\t\t\t<div class=\"e-gallery-image elementor-gallery-item__image\" data-thumbnail=\"https:\/\/pensionugolfu.cz\/wp-content\/uploads\/2022\/04\/Royal-Golf-hotel-035-768x512.jpg\" data-width=\"768\" data-height=\"512\" aria-label=\"\" role=\"img\" ><\/div>\n\t\t\t\t\t\t\t\t\t\t\t<div class=\"elementor-gallery-item__overlay\"><\/div>\n\t\t\t\t\t\t\t\t\t\t\t\t\t\t<\/a>\n\t\t\t\t\t\t\t<a class=\"e-gallery-item elementor-gallery-item elementor-animated-content\" href=\"https:\/\/pensionugolfu.cz\/wp-content\/uploads\/2022\/04\/Royal-Golf-hotel-032.jpg\" data-elementor-open-lightbox=\"yes\" data-elementor-lightbox-slideshow=\"0826752\" data-e-action-hash=\"#elementor-action%3Aaction%3Dlightbox%26settings%3DeyJpZCI6NDkzMCwidXJsIjoiaHR0cHM6XC9cL3BlbnNpb251Z29sZnUuY3pcL3dwLWNvbnRlbnRcL3VwbG9hZHNcLzIwMjJcLzA0XC9Sb3lhbC1Hb2xmLWhvdGVsLTAzMi5qcGciLCJzbGlkZXNob3ciOiIwODI2NzUyIn0%3D\">\n\t\t\t\t\t<div class=\"e-gallery-image elementor-gallery-item__image\" data-thumbnail=\"https:\/\/pensionugolfu.cz\/wp-content\/uploads\/2022\/04\/Royal-Golf-hotel-032-768x512.jpg\" data-width=\"768\" data-height=\"512\" aria-label=\"\" role=\"img\" ><\/div>\n\t\t\t\t\t\t\t\t\t\t\t<div class=\"elementor-gallery-item__overlay\"><\/div>\n\t\t\t\t\t\t\t\t\t\t\t\t\t\t<\/a>\n\t\t\t\t\t\t\t<a class=\"e-gallery-item elementor-gallery-item elementor-animated-content\" href=\"https:\/\/pensionugolfu.cz\/wp-content\/uploads\/2022\/04\/Royal-Golf-hotel-031.jpg\" data-elementor-open-lightbox=\"yes\" data-elementor-lightbox-slideshow=\"0826752\" data-e-action-hash=\"#elementor-action%3Aaction%3Dlightbox%26settings%3DeyJpZCI6NDkyOSwidXJsIjoiaHR0cHM6XC9cL3BlbnNpb251Z29sZnUuY3pcL3dwLWNvbnRlbnRcL3VwbG9hZHNcLzIwMjJcLzA0XC9Sb3lhbC1Hb2xmLWhvdGVsLTAzMS5qcGciLCJzbGlkZXNob3ciOiIwODI2NzUyIn0%3D\">\n\t\t\t\t\t<div class=\"e-gallery-image elementor-gallery-item__image\" data-thumbnail=\"https:\/\/pensionugolfu.cz\/wp-content\/uploads\/2022\/04\/Royal-Golf-hotel-031-768x512.jpg\" data-width=\"768\" data-height=\"512\" aria-label=\"\" role=\"img\" ><\/div>\n\t\t\t\t\t\t\t\t\t\t\t<div class=\"elementor-gallery-item__overlay\"><\/div>\n\t\t\t\t\t\t\t\t\t\t\t\t\t\t<\/a>\n\t\t\t\t\t<\/div>\n\t\t\t\t\t<\/div>\n\t\t\t\t<\/div>\n\t\t\t\t<div class=\"elementor-element elementor-element-33916eb elementor-align-center elementor-widget__width-auto elementor-widget elementor-widget-button\" data-id=\"33916eb\" data-element_type=\"widget\" data-e-type=\"widget\" data-widget_type=\"button.default\">\n\t\t\t\t<div class=\"elementor-widget-container\">\n\t\t\t\t\t\t\t\t\t<div class=\"elementor-button-wrapper\">\n\t\t\t\t\t<a class=\"elementor-button elementor-button-link elementor-size-sm\" href=\"https:\/\/pensionugolfu.cz\/de\/preisliste-der-unterkunft-im-hotel-u-zamecku\/\">\n\t\t\t\t\t\t<span class=\"elementor-button-content-wrapper\">\n\t\t\t\t\t\t\t\t\t<span class=\"elementor-button-text\">Die Preisliste<\/span>\n\t\t\t\t\t<\/span>\n\t\t\t\t\t<\/a>\n\t\t\t\t<\/div>\n\t\t\t\t\t\t\t\t<\/div>\n\t\t\t\t<\/div>\n\t\t\t\t<div class=\"elementor-element elementor-element-56ae743 elementor-align-center elementor-widget__width-auto elementor-widget elementor-widget-button\" data-id=\"56ae743\" data-element_type=\"widget\" data-e-type=\"widget\" data-widget_type=\"button.default\">\n\t\t\t\t<div class=\"elementor-widget-container\">\n\t\t\t\t\t\t\t\t\t<div class=\"elementor-button-wrapper\">\n\t\t\t\t\t<a class=\"elementor-button elementor-button-link elementor-size-sm\" href=\"https:\/\/pensionugolfu.cz\/de\/reservierung-hotel\/\">\n\t\t\t\t\t\t<span class=\"elementor-button-content-wrapper\">\n\t\t\t\t\t\t\t\t\t<span class=\"elementor-button-text\">Reservierungen<\/span>\n\t\t\t\t\t<\/span>\n\t\t\t\t\t<\/a>\n\t\t\t\t<\/div>\n\t\t\t\t\t\t\t\t<\/div>\n\t\t\t\t<\/div>\n\t\t\t\t\t<\/div>\n\t\t<\/div>\n\t\t\t\t\t<\/div>\n\t\t<\/section>\n\t\t\t\t<section class=\"elementor-section elementor-top-section elementor-element elementor-element-30973d7 elementor-section-boxed elementor-section-height-default elementor-section-height-default\" data-id=\"30973d7\" data-element_type=\"section\" data-e-type=\"section\" data-settings=\"{&quot;jet_parallax_layout_list&quot;:[]}\">\n\t\t\t\t\t\t<div class=\"elementor-container elementor-column-gap-default\">\n\t\t\t\t\t<div class=\"elementor-column elementor-col-100 elementor-top-column elementor-element elementor-element-5b2b336\" data-id=\"5b2b336\" data-element_type=\"column\" data-e-type=\"column\">\n\t\t\t<div class=\"elementor-widget-wrap elementor-element-populated\">\n\t\t\t\t\t\t<div class=\"elementor-element elementor-element-f1b39d3 elementor-widget elementor-widget-image\" data-id=\"f1b39d3\" data-element_type=\"widget\" data-e-type=\"widget\" data-widget_type=\"image.default\">\n\t\t\t\t<div class=\"elementor-widget-container\">\n\t\t\t\t\t\t\t\t\t\t\t\t\t\t\t<img decoding=\"async\" width=\"52\" height=\"70\" src=\"https:\/\/pensionugolfu.cz\/wp-content\/uploads\/2022\/03\/icon-cahteau-cihelny_-1.svg\" class=\"attachment-full size-full wp-image-4830\" alt=\"\" \/>\t\t\t\t\t\t\t\t\t\t\t\t\t\t\t<\/div>\n\t\t\t\t<\/div>\n\t\t\t\t\t<\/div>\n\t\t<\/div>\n\t\t\t\t\t<\/div>\n\t\t<\/section>\n\t\t\t\t<\/div>\n\t\t","protected":false},"excerpt":{"rendered":"<p>Hotel U&nbsp;Z\u00e1me\u010dku \u2013 Foto-Galerie Das Hotel U&nbsp;Z\u00e1me\u010dku*** ist ein Bestandteil des Hotelkomplexes Ch\u00e2teau Cihelny****Art Royal Spa Hotel, der sich im Bereich des eigenen weitl\u00e4ufigen Schlossgartens, in der \u00f6kologisch sauberen Umgebung des Landschaftsschutzgebietes Slavkovsk\u00fd les, befindet. Die Preisliste Reservierungen<\/p>\n","protected":false},"author":8,"featured_media":0,"parent":0,"menu_order":0,"comment_status":"closed","ping_status":"closed","template":"","meta":{"inline_featured_image":false,"iawp_total_views":0,"footnotes":""},"class_list":["post-5387","page","type-page","status-publish","hentry"],"_links":{"self":[{"href":"https:\/\/pensionugolfu.cz\/de\/wp-json\/wp\/v2\/pages\/5387","targetHints":{"allow":["GET"]}}],"collection":[{"href":"https:\/\/pensionugolfu.cz\/de\/wp-json\/wp\/v2\/pages"}],"about":[{"href":"https:\/\/pensionugolfu.cz\/de\/wp-json\/wp\/v2\/types\/page"}],"author":[{"embeddable":true,"href":"https:\/\/pensionugolfu.cz\/de\/wp-json\/wp\/v2\/users\/8"}],"replies":[{"embeddable":true,"href":"https:\/\/pensionugolfu.cz\/de\/wp-json\/wp\/v2\/comments?post=5387"}],"version-history":[{"count":0,"href":"https:\/\/pensionugolfu.cz\/de\/wp-json\/wp\/v2\/pages\/5387\/revisions"}],"wp:attachment":[{"href":"https:\/\/pensionugolfu.cz\/de\/wp-json\/wp\/v2\/media?parent=5387"}],"curies":[{"name":"wp","href":"https:\/\/api.w.org\/{rel}","templated":true}]}}