{"id":5383,"date":"2022-05-19T15:38:24","date_gmt":"2022-05-19T13:38:24","guid":{"rendered":"https:\/\/penzionugolfu.cz\/villa-foto-galerie\/"},"modified":"2023-05-02T12:12:25","modified_gmt":"2023-05-02T10:12:25","slug":"villa-foto-galerie","status":"publish","type":"page","link":"https:\/\/pensionugolfu.cz\/de\/villa-foto-galerie\/","title":{"rendered":"Villa \u2013 Foto-Galerie"},"content":{"rendered":"\t\t<div data-elementor-type=\"wp-page\" data-elementor-id=\"5383\" class=\"elementor elementor-5383\" data-elementor-post-type=\"page\">\n\t\t\t\t\t\t<section class=\"elementor-section elementor-top-section elementor-element elementor-element-5f99dfa elementor-section-boxed elementor-section-height-default elementor-section-height-default\" data-id=\"5f99dfa\" data-element_type=\"section\" data-e-type=\"section\" data-settings=\"{&quot;jet_parallax_layout_list&quot;:[]}\">\n\t\t\t\t\t\t<div class=\"elementor-container elementor-column-gap-default\">\n\t\t\t\t\t<div class=\"elementor-column elementor-col-100 elementor-top-column elementor-element elementor-element-4c8cea5\" data-id=\"4c8cea5\" data-element_type=\"column\" data-e-type=\"column\">\n\t\t\t<div class=\"elementor-widget-wrap elementor-element-populated\">\n\t\t\t\t\t\t<div class=\"elementor-element elementor-element-33ef464 elementor-widget elementor-widget-heading\" data-id=\"33ef464\" data-element_type=\"widget\" data-e-type=\"widget\" data-widget_type=\"heading.default\">\n\t\t\t\t<div class=\"elementor-widget-container\">\n\t\t\t\t\t<h1 class=\"elementor-heading-title elementor-size-default\">Villa \u2013 Foto-Galerie<\/h1>\t\t\t\t<\/div>\n\t\t\t\t<\/div>\n\t\t\t\t<div class=\"elementor-element elementor-element-b7c3139 elementor-widget elementor-widget-text-editor\" data-id=\"b7c3139\" data-element_type=\"widget\" data-e-type=\"widget\" data-widget_type=\"text-editor.default\">\n\t\t\t\t<div class=\"elementor-widget-container\">\n\t\t\t\t\t\t\t\t\t<p>Villa Golf<strong>****<\/strong> ist eine luxuri\u00f6se Villa mit zwei Etagen, die sich in unmittelbarer N\u00e4he des Hotels Ch\u00e2teau Cihelny**** (50&nbsp;m) befindet. Das Objekt wird nur als Ganzes angeboten (insgesamt 4 Doppelzimmer). Es hat einen eigenen Parkplatz und eine Garage f\u00fcr 2 Autos.<\/p>\n\t\t\t\t\t\t\t\t<\/div>\n\t\t\t\t<\/div>\n\t\t\t\t<div class=\"elementor-element elementor-element-2a52755 elementor-widget elementor-widget-gallery\" data-id=\"2a52755\" data-element_type=\"widget\" data-e-type=\"widget\" data-settings=\"{&quot;gallery_layout&quot;:&quot;justified&quot;,&quot;ideal_row_height&quot;:{&quot;unit&quot;:&quot;px&quot;,&quot;size&quot;:250,&quot;sizes&quot;:[]},&quot;ideal_row_height_tablet&quot;:{&quot;unit&quot;:&quot;px&quot;,&quot;size&quot;:200,&quot;sizes&quot;:[]},&quot;ideal_row_height_mobile&quot;:{&quot;unit&quot;:&quot;px&quot;,&quot;size&quot;:200,&quot;sizes&quot;:[]},&quot;lazyload&quot;:&quot;yes&quot;,&quot;gap&quot;:{&quot;unit&quot;:&quot;px&quot;,&quot;size&quot;:10,&quot;sizes&quot;:[]},&quot;gap_tablet&quot;:{&quot;unit&quot;:&quot;px&quot;,&quot;size&quot;:10,&quot;sizes&quot;:[]},&quot;gap_mobile&quot;:{&quot;unit&quot;:&quot;px&quot;,&quot;size&quot;:10,&quot;sizes&quot;:[]},&quot;link_to&quot;:&quot;file&quot;,&quot;overlay_background&quot;:&quot;yes&quot;,&quot;content_hover_animation&quot;:&quot;fade-in&quot;}\" data-widget_type=\"gallery.default\">\n\t\t\t\t<div class=\"elementor-widget-container\">\n\t\t\t\t\t\t\t<div class=\"elementor-gallery__container\">\n\t\t\t\t\t\t\t<a class=\"e-gallery-item elementor-gallery-item elementor-animated-content\" href=\"https:\/\/pensionugolfu.cz\/wp-content\/uploads\/2022\/04\/LS5_3776.jpg\" data-elementor-open-lightbox=\"yes\" data-elementor-lightbox-slideshow=\"2a52755\" data-e-action-hash=\"#elementor-action%3Aaction%3Dlightbox%26settings%3DeyJpZCI6NDkyNCwidXJsIjoiaHR0cHM6XC9cL3BlbnNpb251Z29sZnUuY3pcL3dwLWNvbnRlbnRcL3VwbG9hZHNcLzIwMjJcLzA0XC9MUzVfMzc3Ni5qcGciLCJzbGlkZXNob3ciOiIyYTUyNzU1In0%3D\">\n\t\t\t\t\t<div class=\"e-gallery-image elementor-gallery-item__image\" data-thumbnail=\"https:\/\/pensionugolfu.cz\/wp-content\/uploads\/2022\/04\/LS5_3776-768x512.jpg\" data-width=\"768\" data-height=\"512\" aria-label=\"\" role=\"img\" ><\/div>\n\t\t\t\t\t\t\t\t\t\t\t<div class=\"elementor-gallery-item__overlay\"><\/div>\n\t\t\t\t\t\t\t\t\t\t\t\t\t\t<\/a>\n\t\t\t\t\t\t\t<a class=\"e-gallery-item elementor-gallery-item elementor-animated-content\" href=\"https:\/\/pensionugolfu.cz\/wp-content\/uploads\/2022\/04\/LS_3284-svetla.jpg\" data-elementor-open-lightbox=\"yes\" data-elementor-lightbox-slideshow=\"2a52755\" data-e-action-hash=\"#elementor-action%3Aaction%3Dlightbox%26settings%3DeyJpZCI6NDkyNywidXJsIjoiaHR0cHM6XC9cL3BlbnNpb251Z29sZnUuY3pcL3dwLWNvbnRlbnRcL3VwbG9hZHNcLzIwMjJcLzA0XC9MU18zMjg0LXN2ZXRsYS5qcGciLCJzbGlkZXNob3ciOiIyYTUyNzU1In0%3D\">\n\t\t\t\t\t<div class=\"e-gallery-image elementor-gallery-item__image\" data-thumbnail=\"https:\/\/pensionugolfu.cz\/wp-content\/uploads\/2022\/04\/LS_3284-svetla-768x512.jpg\" data-width=\"768\" data-height=\"512\" aria-label=\"\" role=\"img\" ><\/div>\n\t\t\t\t\t\t\t\t\t\t\t<div class=\"elementor-gallery-item__overlay\"><\/div>\n\t\t\t\t\t\t\t\t\t\t\t\t\t\t<\/a>\n\t\t\t\t\t\t\t<a class=\"e-gallery-item elementor-gallery-item elementor-animated-content\" href=\"https:\/\/pensionugolfu.cz\/wp-content\/uploads\/2022\/06\/036_villa-cihelny_exterier.jpg\" data-elementor-open-lightbox=\"yes\" data-elementor-lightbox-slideshow=\"2a52755\" data-e-action-hash=\"#elementor-action%3Aaction%3Dlightbox%26settings%3DeyJpZCI6NDk1NiwidXJsIjoiaHR0cHM6XC9cL3BlbnNpb251Z29sZnUuY3pcL3dwLWNvbnRlbnRcL3VwbG9hZHNcLzIwMjJcLzA2XC8wMzZfdmlsbGEtY2loZWxueV9leHRlcmllci5qcGciLCJzbGlkZXNob3ciOiIyYTUyNzU1In0%3D\">\n\t\t\t\t\t<div class=\"e-gallery-image elementor-gallery-item__image\" data-thumbnail=\"https:\/\/pensionugolfu.cz\/wp-content\/uploads\/2022\/06\/036_villa-cihelny_exterier-768x512.jpg\" data-width=\"768\" data-height=\"512\" aria-label=\"\" role=\"img\" ><\/div>\n\t\t\t\t\t\t\t\t\t\t\t<div class=\"elementor-gallery-item__overlay\"><\/div>\n\t\t\t\t\t\t\t\t\t\t\t\t\t\t<\/a>\n\t\t\t\t\t\t\t<a class=\"e-gallery-item elementor-gallery-item elementor-animated-content\" href=\"https:\/\/pensionugolfu.cz\/wp-content\/uploads\/2022\/06\/038_villa-cihelny_exterier.jpg\" data-elementor-open-lightbox=\"yes\" data-elementor-lightbox-slideshow=\"2a52755\" data-e-action-hash=\"#elementor-action%3Aaction%3Dlightbox%26settings%3DeyJpZCI6NDk2MywidXJsIjoiaHR0cHM6XC9cL3BlbnNpb251Z29sZnUuY3pcL3dwLWNvbnRlbnRcL3VwbG9hZHNcLzIwMjJcLzA2XC8wMzhfdmlsbGEtY2loZWxueV9leHRlcmllci5qcGciLCJzbGlkZXNob3ciOiIyYTUyNzU1In0%3D\">\n\t\t\t\t\t<div class=\"e-gallery-image elementor-gallery-item__image\" data-thumbnail=\"https:\/\/pensionugolfu.cz\/wp-content\/uploads\/2022\/06\/038_villa-cihelny_exterier-768x252.jpg\" data-width=\"768\" data-height=\"252\" aria-label=\"\" role=\"img\" ><\/div>\n\t\t\t\t\t\t\t\t\t\t\t<div class=\"elementor-gallery-item__overlay\"><\/div>\n\t\t\t\t\t\t\t\t\t\t\t\t\t\t<\/a>\n\t\t\t\t\t\t\t<a class=\"e-gallery-item elementor-gallery-item elementor-animated-content\" href=\"https:\/\/pensionugolfu.cz\/wp-content\/uploads\/2022\/06\/126_OK_220510_KLM_3033.jpg\" data-elementor-open-lightbox=\"yes\" data-elementor-lightbox-slideshow=\"2a52755\" data-e-action-hash=\"#elementor-action%3Aaction%3Dlightbox%26settings%3DeyJpZCI6NDk1NywidXJsIjoiaHR0cHM6XC9cL3BlbnNpb251Z29sZnUuY3pcL3dwLWNvbnRlbnRcL3VwbG9hZHNcLzIwMjJcLzA2XC8xMjZfT0tfMjIwNTEwX0tMTV8zMDMzLmpwZyIsInNsaWRlc2hvdyI6IjJhNTI3NTUifQ%3D%3D\">\n\t\t\t\t\t<div class=\"e-gallery-image elementor-gallery-item__image\" data-thumbnail=\"https:\/\/pensionugolfu.cz\/wp-content\/uploads\/2022\/06\/126_OK_220510_KLM_3033-768x512.jpg\" data-width=\"768\" data-height=\"512\" aria-label=\"\" role=\"img\" ><\/div>\n\t\t\t\t\t\t\t\t\t\t\t<div class=\"elementor-gallery-item__overlay\"><\/div>\n\t\t\t\t\t\t\t\t\t\t\t\t\t\t<\/a>\n\t\t\t\t\t\t\t<a class=\"e-gallery-item elementor-gallery-item elementor-animated-content\" href=\"https:\/\/pensionugolfu.cz\/wp-content\/uploads\/2022\/06\/141_OK_220510_KLM_3088.jpg\" data-elementor-open-lightbox=\"yes\" data-elementor-lightbox-slideshow=\"2a52755\" data-e-action-hash=\"#elementor-action%3Aaction%3Dlightbox%26settings%3DeyJpZCI6NDk1OSwidXJsIjoiaHR0cHM6XC9cL3BlbnNpb251Z29sZnUuY3pcL3dwLWNvbnRlbnRcL3VwbG9hZHNcLzIwMjJcLzA2XC8xNDFfT0tfMjIwNTEwX0tMTV8zMDg4LmpwZyIsInNsaWRlc2hvdyI6IjJhNTI3NTUifQ%3D%3D\">\n\t\t\t\t\t<div class=\"e-gallery-image elementor-gallery-item__image\" data-thumbnail=\"https:\/\/pensionugolfu.cz\/wp-content\/uploads\/2022\/06\/141_OK_220510_KLM_3088-768x512.jpg\" data-width=\"768\" data-height=\"512\" aria-label=\"\" role=\"img\" ><\/div>\n\t\t\t\t\t\t\t\t\t\t\t<div class=\"elementor-gallery-item__overlay\"><\/div>\n\t\t\t\t\t\t\t\t\t\t\t\t\t\t<\/a>\n\t\t\t\t\t\t\t<a class=\"e-gallery-item elementor-gallery-item elementor-animated-content\" href=\"https:\/\/pensionugolfu.cz\/wp-content\/uploads\/2022\/06\/144_OK_220510_KLM_3093-Edit.jpg\" data-elementor-open-lightbox=\"yes\" data-elementor-lightbox-slideshow=\"2a52755\" data-e-action-hash=\"#elementor-action%3Aaction%3Dlightbox%26settings%3DeyJpZCI6NDk2MCwidXJsIjoiaHR0cHM6XC9cL3BlbnNpb251Z29sZnUuY3pcL3dwLWNvbnRlbnRcL3VwbG9hZHNcLzIwMjJcLzA2XC8xNDRfT0tfMjIwNTEwX0tMTV8zMDkzLUVkaXQuanBnIiwic2xpZGVzaG93IjoiMmE1Mjc1NSJ9\">\n\t\t\t\t\t<div class=\"e-gallery-image elementor-gallery-item__image\" data-thumbnail=\"https:\/\/pensionugolfu.cz\/wp-content\/uploads\/2022\/06\/144_OK_220510_KLM_3093-Edit-768x512.jpg\" data-width=\"768\" data-height=\"512\" aria-label=\"\" role=\"img\" ><\/div>\n\t\t\t\t\t\t\t\t\t\t\t<div class=\"elementor-gallery-item__overlay\"><\/div>\n\t\t\t\t\t\t\t\t\t\t\t\t\t\t<\/a>\n\t\t\t\t\t\t\t<a class=\"e-gallery-item elementor-gallery-item elementor-animated-content\" href=\"https:\/\/pensionugolfu.cz\/wp-content\/uploads\/2022\/06\/020_villa-cihelny_TS-E17.jpg\" data-elementor-open-lightbox=\"yes\" data-elementor-lightbox-slideshow=\"2a52755\" data-e-action-hash=\"#elementor-action%3Aaction%3Dlightbox%26settings%3DeyJpZCI6NDk1MSwidXJsIjoiaHR0cHM6XC9cL3BlbnNpb251Z29sZnUuY3pcL3dwLWNvbnRlbnRcL3VwbG9hZHNcLzIwMjJcLzA2XC8wMjBfdmlsbGEtY2loZWxueV9UUy1FMTcuanBnIiwic2xpZGVzaG93IjoiMmE1Mjc1NSJ9\">\n\t\t\t\t\t<div class=\"e-gallery-image elementor-gallery-item__image\" data-thumbnail=\"https:\/\/pensionugolfu.cz\/wp-content\/uploads\/2022\/06\/020_villa-cihelny_TS-E17-768x512.jpg\" data-width=\"768\" data-height=\"512\" aria-label=\"\" role=\"img\" ><\/div>\n\t\t\t\t\t\t\t\t\t\t\t<div class=\"elementor-gallery-item__overlay\"><\/div>\n\t\t\t\t\t\t\t\t\t\t\t\t\t\t<\/a>\n\t\t\t\t\t\t\t<a class=\"e-gallery-item elementor-gallery-item elementor-animated-content\" href=\"https:\/\/pensionugolfu.cz\/wp-content\/uploads\/2022\/06\/139_OK_220510_KLM_3080.jpg\" data-elementor-open-lightbox=\"yes\" data-elementor-lightbox-slideshow=\"2a52755\" data-e-action-hash=\"#elementor-action%3Aaction%3Dlightbox%26settings%3DeyJpZCI6NDk1OCwidXJsIjoiaHR0cHM6XC9cL3BlbnNpb251Z29sZnUuY3pcL3dwLWNvbnRlbnRcL3VwbG9hZHNcLzIwMjJcLzA2XC8xMzlfT0tfMjIwNTEwX0tMTV8zMDgwLmpwZyIsInNsaWRlc2hvdyI6IjJhNTI3NTUifQ%3D%3D\">\n\t\t\t\t\t<div class=\"e-gallery-image elementor-gallery-item__image\" data-thumbnail=\"https:\/\/pensionugolfu.cz\/wp-content\/uploads\/2022\/06\/139_OK_220510_KLM_3080-768x512.jpg\" data-width=\"768\" data-height=\"512\" aria-label=\"\" role=\"img\" ><\/div>\n\t\t\t\t\t\t\t\t\t\t\t<div class=\"elementor-gallery-item__overlay\"><\/div>\n\t\t\t\t\t\t\t\t\t\t\t\t\t\t<\/a>\n\t\t\t\t\t\t\t<a class=\"e-gallery-item elementor-gallery-item elementor-animated-content\" href=\"https:\/\/pensionugolfu.cz\/wp-content\/uploads\/2022\/06\/006_villa-cihelny_TS-E17.jpg\" data-elementor-open-lightbox=\"yes\" data-elementor-lightbox-slideshow=\"2a52755\" data-e-action-hash=\"#elementor-action%3Aaction%3Dlightbox%26settings%3DeyJpZCI6NDk0NiwidXJsIjoiaHR0cHM6XC9cL3BlbnNpb251Z29sZnUuY3pcL3dwLWNvbnRlbnRcL3VwbG9hZHNcLzIwMjJcLzA2XC8wMDZfdmlsbGEtY2loZWxueV9UUy1FMTcuanBnIiwic2xpZGVzaG93IjoiMmE1Mjc1NSJ9\">\n\t\t\t\t\t<div class=\"e-gallery-image elementor-gallery-item__image\" data-thumbnail=\"https:\/\/pensionugolfu.cz\/wp-content\/uploads\/2022\/06\/006_villa-cihelny_TS-E17-768x512.jpg\" data-width=\"768\" data-height=\"512\" aria-label=\"\" role=\"img\" ><\/div>\n\t\t\t\t\t\t\t\t\t\t\t<div class=\"elementor-gallery-item__overlay\"><\/div>\n\t\t\t\t\t\t\t\t\t\t\t\t\t\t<\/a>\n\t\t\t\t\t\t\t<a class=\"e-gallery-item elementor-gallery-item elementor-animated-content\" href=\"https:\/\/pensionugolfu.cz\/wp-content\/uploads\/2022\/06\/008_villa-cihelny_TS-E17.jpg\" data-elementor-open-lightbox=\"yes\" data-elementor-lightbox-slideshow=\"2a52755\" data-e-action-hash=\"#elementor-action%3Aaction%3Dlightbox%26settings%3DeyJpZCI6NDk0NywidXJsIjoiaHR0cHM6XC9cL3BlbnNpb251Z29sZnUuY3pcL3dwLWNvbnRlbnRcL3VwbG9hZHNcLzIwMjJcLzA2XC8wMDhfdmlsbGEtY2loZWxueV9UUy1FMTcuanBnIiwic2xpZGVzaG93IjoiMmE1Mjc1NSJ9\">\n\t\t\t\t\t<div class=\"e-gallery-image elementor-gallery-item__image\" data-thumbnail=\"https:\/\/pensionugolfu.cz\/wp-content\/uploads\/2022\/06\/008_villa-cihelny_TS-E17-768x512.jpg\" data-width=\"768\" data-height=\"512\" aria-label=\"\" role=\"img\" ><\/div>\n\t\t\t\t\t\t\t\t\t\t\t<div class=\"elementor-gallery-item__overlay\"><\/div>\n\t\t\t\t\t\t\t\t\t\t\t\t\t\t<\/a>\n\t\t\t\t\t\t\t<a class=\"e-gallery-item elementor-gallery-item elementor-animated-content\" href=\"https:\/\/pensionugolfu.cz\/wp-content\/uploads\/2022\/06\/003_villa-cihelny_TS-E17.jpg\" data-elementor-open-lightbox=\"yes\" data-elementor-lightbox-slideshow=\"2a52755\" data-e-action-hash=\"#elementor-action%3Aaction%3Dlightbox%26settings%3DeyJpZCI6NDk0NSwidXJsIjoiaHR0cHM6XC9cL3BlbnNpb251Z29sZnUuY3pcL3dwLWNvbnRlbnRcL3VwbG9hZHNcLzIwMjJcLzA2XC8wMDNfdmlsbGEtY2loZWxueV9UUy1FMTcuanBnIiwic2xpZGVzaG93IjoiMmE1Mjc1NSJ9\">\n\t\t\t\t\t<div class=\"e-gallery-image elementor-gallery-item__image\" data-thumbnail=\"https:\/\/pensionugolfu.cz\/wp-content\/uploads\/2022\/06\/003_villa-cihelny_TS-E17-768x512.jpg\" data-width=\"768\" data-height=\"512\" aria-label=\"\" role=\"img\" ><\/div>\n\t\t\t\t\t\t\t\t\t\t\t<div class=\"elementor-gallery-item__overlay\"><\/div>\n\t\t\t\t\t\t\t\t\t\t\t\t\t\t<\/a>\n\t\t\t\t\t\t\t<a class=\"e-gallery-item elementor-gallery-item elementor-animated-content\" href=\"https:\/\/pensionugolfu.cz\/wp-content\/uploads\/2022\/06\/016_villa-cihelny_TS-E17.jpg\" data-elementor-open-lightbox=\"yes\" data-elementor-lightbox-slideshow=\"2a52755\" data-e-action-hash=\"#elementor-action%3Aaction%3Dlightbox%26settings%3DeyJpZCI6NDk0OCwidXJsIjoiaHR0cHM6XC9cL3BlbnNpb251Z29sZnUuY3pcL3dwLWNvbnRlbnRcL3VwbG9hZHNcLzIwMjJcLzA2XC8wMTZfdmlsbGEtY2loZWxueV9UUy1FMTcuanBnIiwic2xpZGVzaG93IjoiMmE1Mjc1NSJ9\">\n\t\t\t\t\t<div class=\"e-gallery-image elementor-gallery-item__image\" data-thumbnail=\"https:\/\/pensionugolfu.cz\/wp-content\/uploads\/2022\/06\/016_villa-cihelny_TS-E17-768x512.jpg\" data-width=\"768\" data-height=\"512\" aria-label=\"\" role=\"img\" ><\/div>\n\t\t\t\t\t\t\t\t\t\t\t<div class=\"elementor-gallery-item__overlay\"><\/div>\n\t\t\t\t\t\t\t\t\t\t\t\t\t\t<\/a>\n\t\t\t\t\t\t\t<a class=\"e-gallery-item elementor-gallery-item elementor-animated-content\" href=\"https:\/\/pensionugolfu.cz\/wp-content\/uploads\/2022\/06\/017_villa-cihelny_TS-E17.jpg\" data-elementor-open-lightbox=\"yes\" data-elementor-lightbox-slideshow=\"2a52755\" data-e-action-hash=\"#elementor-action%3Aaction%3Dlightbox%26settings%3DeyJpZCI6NDk0OSwidXJsIjoiaHR0cHM6XC9cL3BlbnNpb251Z29sZnUuY3pcL3dwLWNvbnRlbnRcL3VwbG9hZHNcLzIwMjJcLzA2XC8wMTdfdmlsbGEtY2loZWxueV9UUy1FMTcuanBnIiwic2xpZGVzaG93IjoiMmE1Mjc1NSJ9\">\n\t\t\t\t\t<div class=\"e-gallery-image elementor-gallery-item__image\" data-thumbnail=\"https:\/\/pensionugolfu.cz\/wp-content\/uploads\/2022\/06\/017_villa-cihelny_TS-E17-768x512.jpg\" data-width=\"768\" data-height=\"512\" aria-label=\"\" role=\"img\" ><\/div>\n\t\t\t\t\t\t\t\t\t\t\t<div class=\"elementor-gallery-item__overlay\"><\/div>\n\t\t\t\t\t\t\t\t\t\t\t\t\t\t<\/a>\n\t\t\t\t\t\t\t<a class=\"e-gallery-item elementor-gallery-item elementor-animated-content\" href=\"https:\/\/pensionugolfu.cz\/wp-content\/uploads\/2022\/06\/018_villa-cihelny_TS-E17.jpg\" data-elementor-open-lightbox=\"yes\" data-elementor-lightbox-slideshow=\"2a52755\" data-e-action-hash=\"#elementor-action%3Aaction%3Dlightbox%26settings%3DeyJpZCI6NDk1MCwidXJsIjoiaHR0cHM6XC9cL3BlbnNpb251Z29sZnUuY3pcL3dwLWNvbnRlbnRcL3VwbG9hZHNcLzIwMjJcLzA2XC8wMThfdmlsbGEtY2loZWxueV9UUy1FMTcuanBnIiwic2xpZGVzaG93IjoiMmE1Mjc1NSJ9\">\n\t\t\t\t\t<div class=\"e-gallery-image elementor-gallery-item__image\" data-thumbnail=\"https:\/\/pensionugolfu.cz\/wp-content\/uploads\/2022\/06\/018_villa-cihelny_TS-E17-768x512.jpg\" data-width=\"768\" data-height=\"512\" aria-label=\"\" role=\"img\" ><\/div>\n\t\t\t\t\t\t\t\t\t\t\t<div class=\"elementor-gallery-item__overlay\"><\/div>\n\t\t\t\t\t\t\t\t\t\t\t\t\t\t<\/a>\n\t\t\t\t\t\t\t<a class=\"e-gallery-item elementor-gallery-item elementor-animated-content\" href=\"https:\/\/pensionugolfu.cz\/wp-content\/uploads\/2022\/06\/024_villa-cihelny_TS-E17.jpg\" data-elementor-open-lightbox=\"yes\" data-elementor-lightbox-slideshow=\"2a52755\" data-e-action-hash=\"#elementor-action%3Aaction%3Dlightbox%26settings%3DeyJpZCI6NDk1MywidXJsIjoiaHR0cHM6XC9cL3BlbnNpb251Z29sZnUuY3pcL3dwLWNvbnRlbnRcL3VwbG9hZHNcLzIwMjJcLzA2XC8wMjRfdmlsbGEtY2loZWxueV9UUy1FMTcuanBnIiwic2xpZGVzaG93IjoiMmE1Mjc1NSJ9\">\n\t\t\t\t\t<div class=\"e-gallery-image elementor-gallery-item__image\" data-thumbnail=\"https:\/\/pensionugolfu.cz\/wp-content\/uploads\/2022\/06\/024_villa-cihelny_TS-E17-768x512.jpg\" data-width=\"768\" data-height=\"512\" aria-label=\"\" role=\"img\" ><\/div>\n\t\t\t\t\t\t\t\t\t\t\t<div class=\"elementor-gallery-item__overlay\"><\/div>\n\t\t\t\t\t\t\t\t\t\t\t\t\t\t<\/a>\n\t\t\t\t\t\t\t<a class=\"e-gallery-item elementor-gallery-item elementor-animated-content\" href=\"https:\/\/pensionugolfu.cz\/wp-content\/uploads\/2022\/06\/022_villa-cihelny_TS-E17.jpg\" data-elementor-open-lightbox=\"yes\" data-elementor-lightbox-slideshow=\"2a52755\" data-e-action-hash=\"#elementor-action%3Aaction%3Dlightbox%26settings%3DeyJpZCI6NDk1MiwidXJsIjoiaHR0cHM6XC9cL3BlbnNpb251Z29sZnUuY3pcL3dwLWNvbnRlbnRcL3VwbG9hZHNcLzIwMjJcLzA2XC8wMjJfdmlsbGEtY2loZWxueV9UUy1FMTcuanBnIiwic2xpZGVzaG93IjoiMmE1Mjc1NSJ9\">\n\t\t\t\t\t<div class=\"e-gallery-image elementor-gallery-item__image\" data-thumbnail=\"https:\/\/pensionugolfu.cz\/wp-content\/uploads\/2022\/06\/022_villa-cihelny_TS-E17-768x512.jpg\" data-width=\"768\" data-height=\"512\" aria-label=\"\" role=\"img\" ><\/div>\n\t\t\t\t\t\t\t\t\t\t\t<div class=\"elementor-gallery-item__overlay\"><\/div>\n\t\t\t\t\t\t\t\t\t\t\t\t\t\t<\/a>\n\t\t\t\t\t\t\t<a class=\"e-gallery-item elementor-gallery-item elementor-animated-content\" href=\"https:\/\/pensionugolfu.cz\/wp-content\/uploads\/2022\/06\/026_villa-cihelny_TS-E17.jpg\" data-elementor-open-lightbox=\"yes\" data-elementor-lightbox-slideshow=\"2a52755\" data-e-action-hash=\"#elementor-action%3Aaction%3Dlightbox%26settings%3DeyJpZCI6NDk1NCwidXJsIjoiaHR0cHM6XC9cL3BlbnNpb251Z29sZnUuY3pcL3dwLWNvbnRlbnRcL3VwbG9hZHNcLzIwMjJcLzA2XC8wMjZfdmlsbGEtY2loZWxueV9UUy1FMTcuanBnIiwic2xpZGVzaG93IjoiMmE1Mjc1NSJ9\">\n\t\t\t\t\t<div class=\"e-gallery-image elementor-gallery-item__image\" data-thumbnail=\"https:\/\/pensionugolfu.cz\/wp-content\/uploads\/2022\/06\/026_villa-cihelny_TS-E17-768x512.jpg\" data-width=\"768\" data-height=\"512\" aria-label=\"\" role=\"img\" ><\/div>\n\t\t\t\t\t\t\t\t\t\t\t<div class=\"elementor-gallery-item__overlay\"><\/div>\n\t\t\t\t\t\t\t\t\t\t\t\t\t\t<\/a>\n\t\t\t\t\t\t\t<a class=\"e-gallery-item elementor-gallery-item elementor-animated-content\" href=\"https:\/\/pensionugolfu.cz\/wp-content\/uploads\/2022\/06\/175_OK_220510_KLM_3183.jpg\" data-elementor-open-lightbox=\"yes\" data-elementor-lightbox-slideshow=\"2a52755\" data-e-action-hash=\"#elementor-action%3Aaction%3Dlightbox%26settings%3DeyJpZCI6NDk2MSwidXJsIjoiaHR0cHM6XC9cL3BlbnNpb251Z29sZnUuY3pcL3dwLWNvbnRlbnRcL3VwbG9hZHNcLzIwMjJcLzA2XC8xNzVfT0tfMjIwNTEwX0tMTV8zMTgzLmpwZyIsInNsaWRlc2hvdyI6IjJhNTI3NTUifQ%3D%3D\">\n\t\t\t\t\t<div class=\"e-gallery-image elementor-gallery-item__image\" data-thumbnail=\"https:\/\/pensionugolfu.cz\/wp-content\/uploads\/2022\/06\/175_OK_220510_KLM_3183-768x512.jpg\" data-width=\"768\" data-height=\"512\" aria-label=\"\" role=\"img\" ><\/div>\n\t\t\t\t\t\t\t\t\t\t\t<div class=\"elementor-gallery-item__overlay\"><\/div>\n\t\t\t\t\t\t\t\t\t\t\t\t\t\t<\/a>\n\t\t\t\t\t\t\t<a class=\"e-gallery-item elementor-gallery-item elementor-animated-content\" href=\"https:\/\/pensionugolfu.cz\/wp-content\/uploads\/2022\/06\/027_villa-cihelny_TS-E17.jpg\" data-elementor-open-lightbox=\"yes\" data-elementor-lightbox-slideshow=\"2a52755\" data-e-action-hash=\"#elementor-action%3Aaction%3Dlightbox%26settings%3DeyJpZCI6NDk1NSwidXJsIjoiaHR0cHM6XC9cL3BlbnNpb251Z29sZnUuY3pcL3dwLWNvbnRlbnRcL3VwbG9hZHNcLzIwMjJcLzA2XC8wMjdfdmlsbGEtY2loZWxueV9UUy1FMTcuanBnIiwic2xpZGVzaG93IjoiMmE1Mjc1NSJ9\">\n\t\t\t\t\t<div class=\"e-gallery-image elementor-gallery-item__image\" data-thumbnail=\"https:\/\/pensionugolfu.cz\/wp-content\/uploads\/2022\/06\/027_villa-cihelny_TS-E17-768x512.jpg\" data-width=\"768\" data-height=\"512\" aria-label=\"\" role=\"img\" ><\/div>\n\t\t\t\t\t\t\t\t\t\t\t<div class=\"elementor-gallery-item__overlay\"><\/div>\n\t\t\t\t\t\t\t\t\t\t\t\t\t\t<\/a>\n\t\t\t\t\t<\/div>\n\t\t\t\t\t<\/div>\n\t\t\t\t<\/div>\n\t\t\t\t\t<\/div>\n\t\t<\/div>\n\t\t\t\t\t<\/div>\n\t\t<\/section>\n\t\t\t\t<section class=\"elementor-section elementor-top-section elementor-element elementor-element-a20555a elementor-section-boxed elementor-section-height-default elementor-section-height-default\" data-id=\"a20555a\" data-element_type=\"section\" data-e-type=\"section\" data-settings=\"{&quot;jet_parallax_layout_list&quot;:[]}\">\n\t\t\t\t\t\t<div class=\"elementor-container elementor-column-gap-default\">\n\t\t\t\t\t<div class=\"elementor-column elementor-col-100 elementor-top-column elementor-element elementor-element-019678c\" data-id=\"019678c\" data-element_type=\"column\" data-e-type=\"column\">\n\t\t\t<div class=\"elementor-widget-wrap elementor-element-populated\">\n\t\t\t\t\t\t<div class=\"elementor-element elementor-element-2b394f1 elementor-align-center elementor-widget__width-auto elementor-widget elementor-widget-button\" data-id=\"2b394f1\" data-element_type=\"widget\" data-e-type=\"widget\" data-widget_type=\"button.default\">\n\t\t\t\t<div class=\"elementor-widget-container\">\n\t\t\t\t\t\t\t\t\t<div class=\"elementor-button-wrapper\">\n\t\t\t\t\t<a class=\"elementor-button elementor-button-link elementor-size-sm\" href=\"https:\/\/pensionugolfu.cz\/de\/preisliste-der-unterkunft-in-villa-golf\/\">\n\t\t\t\t\t\t<span class=\"elementor-button-content-wrapper\">\n\t\t\t\t\t\t\t\t\t<span class=\"elementor-button-text\">Die Preisliste<\/span>\n\t\t\t\t\t<\/span>\n\t\t\t\t\t<\/a>\n\t\t\t\t<\/div>\n\t\t\t\t\t\t\t\t<\/div>\n\t\t\t\t<\/div>\n\t\t\t\t<div class=\"elementor-element elementor-element-62489c9 elementor-align-center elementor-widget__width-auto elementor-widget elementor-widget-button\" data-id=\"62489c9\" data-element_type=\"widget\" data-e-type=\"widget\" data-widget_type=\"button.default\">\n\t\t\t\t<div class=\"elementor-widget-container\">\n\t\t\t\t\t\t\t\t\t<div class=\"elementor-button-wrapper\">\n\t\t\t\t\t<a class=\"elementor-button elementor-button-link elementor-size-sm\" href=\"https:\/\/pensionugolfu.cz\/de\/reservierung-villa\/\">\n\t\t\t\t\t\t<span class=\"elementor-button-content-wrapper\">\n\t\t\t\t\t\t\t\t\t<span class=\"elementor-button-text\">Reservierungen<\/span>\n\t\t\t\t\t<\/span>\n\t\t\t\t\t<\/a>\n\t\t\t\t<\/div>\n\t\t\t\t\t\t\t\t<\/div>\n\t\t\t\t<\/div>\n\t\t\t\t\t<\/div>\n\t\t<\/div>\n\t\t\t\t\t<\/div>\n\t\t<\/section>\n\t\t\t\t<section class=\"elementor-section elementor-top-section elementor-element elementor-element-89f9c06 elementor-section-boxed elementor-section-height-default elementor-section-height-default\" data-id=\"89f9c06\" data-element_type=\"section\" data-e-type=\"section\" data-settings=\"{&quot;jet_parallax_layout_list&quot;:[]}\">\n\t\t\t\t\t\t<div class=\"elementor-container elementor-column-gap-default\">\n\t\t\t\t\t<div class=\"elementor-column elementor-col-100 elementor-top-column elementor-element elementor-element-f342554\" data-id=\"f342554\" data-element_type=\"column\" data-e-type=\"column\">\n\t\t\t<div class=\"elementor-widget-wrap elementor-element-populated\">\n\t\t\t\t\t\t<div class=\"elementor-element elementor-element-66d24e3 elementor-widget elementor-widget-image\" data-id=\"66d24e3\" data-element_type=\"widget\" data-e-type=\"widget\" data-widget_type=\"image.default\">\n\t\t\t\t<div class=\"elementor-widget-container\">\n\t\t\t\t\t\t\t\t\t\t\t\t\t\t\t<img decoding=\"async\" width=\"52\" height=\"70\" src=\"https:\/\/pensionugolfu.cz\/wp-content\/uploads\/2022\/03\/icon-cahteau-cihelny_-1.svg\" class=\"attachment-full size-full wp-image-4830\" alt=\"\" \/>\t\t\t\t\t\t\t\t\t\t\t\t\t\t\t<\/div>\n\t\t\t\t<\/div>\n\t\t\t\t\t<\/div>\n\t\t<\/div>\n\t\t\t\t\t<\/div>\n\t\t<\/section>\n\t\t\t\t<\/div>\n\t\t","protected":false},"excerpt":{"rendered":"<p>Villa \u2013 Foto-Galerie Villa Golf**** ist eine luxuri\u00f6se Villa mit zwei Etagen, die sich in unmittelbarer N\u00e4he des Hotels Ch\u00e2teau Cihelny**** (50&nbsp;m) befindet. Das Objekt wird nur als Ganzes angeboten (insgesamt 4 Doppelzimmer). Es hat einen eigenen Parkplatz und eine Garage f\u00fcr 2 Autos. Die Preisliste Reservierungen<\/p>\n","protected":false},"author":8,"featured_media":0,"parent":0,"menu_order":0,"comment_status":"closed","ping_status":"closed","template":"","meta":{"inline_featured_image":false,"iawp_total_views":0,"footnotes":""},"class_list":["post-5383","page","type-page","status-publish","hentry"],"_links":{"self":[{"href":"https:\/\/pensionugolfu.cz\/de\/wp-json\/wp\/v2\/pages\/5383","targetHints":{"allow":["GET"]}}],"collection":[{"href":"https:\/\/pensionugolfu.cz\/de\/wp-json\/wp\/v2\/pages"}],"about":[{"href":"https:\/\/pensionugolfu.cz\/de\/wp-json\/wp\/v2\/types\/page"}],"author":[{"embeddable":true,"href":"https:\/\/pensionugolfu.cz\/de\/wp-json\/wp\/v2\/users\/8"}],"replies":[{"embeddable":true,"href":"https:\/\/pensionugolfu.cz\/de\/wp-json\/wp\/v2\/comments?post=5383"}],"version-history":[{"count":0,"href":"https:\/\/pensionugolfu.cz\/de\/wp-json\/wp\/v2\/pages\/5383\/revisions"}],"wp:attachment":[{"href":"https:\/\/pensionugolfu.cz\/de\/wp-json\/wp\/v2\/media?parent=5383"}],"curies":[{"name":"wp","href":"https:\/\/api.w.org\/{rel}","templated":true}]}}