{"id":5362,"date":"2022-03-07T13:43:11","date_gmt":"2022-03-07T12:43:11","guid":{"rendered":"https:\/\/penzionugolfu.cz\/preisliste-der-unterkunft-in-villa-golf\/"},"modified":"2023-01-31T11:50:46","modified_gmt":"2023-01-31T10:50:46","slug":"preisliste-der-unterkunft-in-villa-golf","status":"publish","type":"page","link":"https:\/\/pensionugolfu.cz\/de\/preisliste-der-unterkunft-in-villa-golf\/","title":{"rendered":"Preisliste der Unterkunft in Villa Golf"},"content":{"rendered":"\t\t<div data-elementor-type=\"wp-page\" data-elementor-id=\"5362\" class=\"elementor elementor-5362\" data-elementor-post-type=\"page\">\n\t\t\t\t\t\t<section class=\"elementor-section elementor-top-section elementor-element elementor-element-b86fe7e elementor-section-boxed elementor-section-height-default elementor-section-height-default\" data-id=\"b86fe7e\" data-element_type=\"section\" data-e-type=\"section\" data-settings=\"{&quot;jet_parallax_layout_list&quot;:[]}\">\n\t\t\t\t\t\t<div class=\"elementor-container elementor-column-gap-default\">\n\t\t\t\t\t<div class=\"elementor-column elementor-col-100 elementor-top-column elementor-element elementor-element-9cbe944\" data-id=\"9cbe944\" data-element_type=\"column\" data-e-type=\"column\">\n\t\t\t<div class=\"elementor-widget-wrap elementor-element-populated\">\n\t\t\t\t\t\t<div class=\"elementor-element elementor-element-972b5b6 elementor-widget elementor-widget-heading\" data-id=\"972b5b6\" data-element_type=\"widget\" data-e-type=\"widget\" data-widget_type=\"heading.default\">\n\t\t\t\t<div class=\"elementor-widget-container\">\n\t\t\t\t\t<h2 class=\"elementor-heading-title elementor-size-default\">Preisliste der Unterkunft in Villa Golf<\/h2>\t\t\t\t<\/div>\n\t\t\t\t<\/div>\n\t\t\t\t<div class=\"elementor-element elementor-element-0be52a0 elementor-widget elementor-widget-text-editor\" data-id=\"0be52a0\" data-element_type=\"widget\" data-e-type=\"widget\" data-widget_type=\"text-editor.default\">\n\t\t\t\t<div class=\"elementor-widget-container\">\n\t\t\t\t\t\t\t\t\t<p class=\"p1\">Die Preise verstehen sich in CZK mit MwSt. (10&nbsp;%) pro Zimmer und Nacht und beinhalten Fr\u00fchst\u00fcck, Eintritt ins Wellness-Center und Parkplatz<span class=\"Apple-converted-space\">.<\/span><span class=\"Apple-converted-space\"> <\/span>Die Kurtaxe in der H\u00f6he von 50&nbsp;CZK pro Person\/Tag ist nicht im Preis inbegriffen.<\/p>\n\t\t\t\t\t\t\t\t<\/div>\n\t\t\t\t<\/div>\n\t\t\t\t<div class=\"elementor-element elementor-element-db8de84 elementor-invisible elementor-widget elementor-widget-jet-table\" data-id=\"db8de84\" data-element_type=\"widget\" data-e-type=\"widget\" data-settings=\"{&quot;_animation&quot;:&quot;fadeIn&quot;}\" data-widget_type=\"jet-table.default\">\n\t\t\t\t<div class=\"elementor-widget-container\">\n\t\t\t\t\t<div class=\"elementor-jet-table jet-elements\">\n\t\t<div class=\"jet-table-wrapper\">\n\t\t\t<table class=\"jet-table jet-table--fa5-compat\">\n\t\t\t\t<thead class=\"jet-table__head\"><tr class=\"jet-table__head-row\"><th class=\"jet-table__cell elementor-repeater-item-f56aaf9 jet-table__head-cell\" scope=\"col\"><div class=\"jet-table__cell-inner\"><div class=\"jet-table__cell-content\"><div class=\"jet-table__cell-text\">Villa Golf<\/div><\/div><\/div><\/th><th class=\"jet-table__cell elementor-repeater-item-fb3f7de jet-table__head-cell\" scope=\"col\"><div class=\"jet-table__cell-inner\"><div class=\"jet-table__cell-content\"><div class=\"jet-table__cell-text\">Hauptsaison<\/div><\/div><\/div><\/th><th class=\"jet-table__cell elementor-repeater-item-0a7da80 jet-table__head-cell\" scope=\"col\"><div class=\"jet-table__cell-inner\"><div class=\"jet-table__cell-content\"><div class=\"jet-table__cell-text\">Nebensaison<\/div><\/div><\/div><\/th><th class=\"jet-table__cell elementor-repeater-item-50e90d1 jet-table__head-cell\" scope=\"col\"><div class=\"jet-table__cell-inner\"><div class=\"jet-table__cell-content\"><div class=\"jet-table__cell-text\">Filmfestival<\/div><\/div><\/div><\/th><\/tr><\/thead>\n\t\t\t\t\t\t\t\t<tbody class=\"jet-table__body\"><tr class=\"jet-table__body-row elementor-repeater-item-3c8f36e\"><td class=\"jet-table__cell elementor-repeater-item-715dcb4 jet-table__body-cell\"><div class=\"jet-table__cell-inner\"><div class=\"jet-table__cell-content\"><div class=\"jet-table__cell-text\">4 Dopplezimmer (das ganze Objekt)<\/div><\/div><\/div><\/td><td class=\"jet-table__cell elementor-repeater-item-3885512 jet-table__body-cell\"><div class=\"jet-table__cell-inner\"><div class=\"jet-table__cell-content\"><div class=\"jet-table__cell-text\">17&nbsp;900<\/div><\/div><\/div><\/td><td class=\"jet-table__cell elementor-repeater-item-a4a0f1d jet-table__body-cell\"><div class=\"jet-table__cell-inner\"><div class=\"jet-table__cell-content\"><div class=\"jet-table__cell-text\">15&nbsp;900<\/div><\/div><\/div><\/td><td class=\"jet-table__cell elementor-repeater-item-56b197f jet-table__body-cell\"><div class=\"jet-table__cell-inner\"><div class=\"jet-table__cell-content\"><div class=\"jet-table__cell-text\">21&nbsp;500<\/div><\/div><\/div><\/td><\/tr><\/tbody>\n\t\t\t<\/table>\n\t\t<\/div>\n\n\t\t<\/div>\t\t\t\t<\/div>\n\t\t\t\t<\/div>\n\t\t\t\t<div class=\"elementor-element elementor-element-0405ff4 elementor-widget elementor-widget-shortcode\" data-id=\"0405ff4\" data-element_type=\"widget\" data-e-type=\"widget\" data-widget_type=\"shortcode.default\">\n\t\t\t\t<div class=\"elementor-widget-container\">\n\t\t\t\t\t\t\t<div class=\"elementor-shortcode\">\t\t<div data-elementor-type=\"section\" data-elementor-id=\"7135\" class=\"elementor elementor-7135 elementor-7125 elementor-7125\" data-elementor-post-type=\"elementor_library\">\n\t\t\t\t\t<section class=\"elementor-section elementor-top-section elementor-element elementor-element-d4630c6 elementor-section-boxed elementor-section-height-default elementor-section-height-default\" data-id=\"d4630c6\" data-element_type=\"section\" data-e-type=\"section\" data-settings=\"{&quot;jet_parallax_layout_list&quot;:[]}\">\n\t\t\t\t\t\t<div class=\"elementor-container elementor-column-gap-default\">\n\t\t\t\t\t<div class=\"elementor-column elementor-col-100 elementor-top-column elementor-element elementor-element-b8a92a0\" data-id=\"b8a92a0\" data-element_type=\"column\" data-e-type=\"column\">\n\t\t\t<div class=\"elementor-widget-wrap elementor-element-populated\">\n\t\t\t\t\t\t<div class=\"elementor-element elementor-element-20810e9 elementor-widget elementor-widget-text-editor\" data-id=\"20810e9\" data-element_type=\"widget\" data-e-type=\"widget\" data-widget_type=\"text-editor.default\">\n\t\t\t\t<div class=\"elementor-widget-container\">\n\t\t\t\t\t\t\t\t\t<p><strong>HAUPTSAISON<\/strong><br>von 1.&nbsp;4.&nbsp;2025 bis 22.&nbsp;12.&nbsp;2025.<br>Die <strong>\u00d6ffnungszeiten des Wellness- und Fitnesszentrums sind<\/strong> Sonntag bis Donnerstag von 08:00 bis 20:00 Uhr. Freitag und Samstag von 08:00 bis 22:00 Uhr.<br><strong>\u00d6ffnungszeiten der Sauna:<\/strong> Sonntag bis Donnerstag von 16:00 bis 20:00 Uhr. Freitag und Samstag von 16:00 bis 22:00 Uhr. <\/p><p><strong>HOCHSAISON<\/strong><br>Osterferien: 18.&nbsp;bis 21.&nbsp;4.&nbsp;2025, Weihnachtsferien 22.&nbsp;12.&nbsp;2025 bis 4.&nbsp;1.&nbsp;2026<br>Die <strong>\u00d6ffnungszeiten des Wellness- und Fitnesszentrums sind<\/strong> Sonntag bis Donnerstag von 08:00 bis 20:00 Uhr. Freitag und Samstag von 08:00 bis 22:00 Uhr.<br><strong>\u00d6ffnungszeiten der Sauna:<\/strong> Sonntag bis Donnerstag von 16:00 bis 20:00 Uhr. Freitag und Samstag von 16:00 bis 22:00 Uhr. <\/p>\t\t\t\t\t\t\t\t<\/div>\n\t\t\t\t<\/div>\n\t\t\t\t\t<\/div>\n\t\t<\/div>\n\t\t\t\t\t<\/div>\n\t\t<\/section>\n\t\t\t\t<\/div>\n\t\t<\/div>\n\t\t\t\t\t\t<\/div>\n\t\t\t\t<\/div>\n\t\t\t\t<div class=\"elementor-element elementor-element-0c77e58 elementor-widget elementor-widget-text-editor\" data-id=\"0c77e58\" data-element_type=\"widget\" data-e-type=\"widget\" data-widget_type=\"text-editor.default\">\n\t\t\t\t<div class=\"elementor-widget-container\">\n\t\t\t\t\t\t\t\t\t<p class=\"p1\"><em>Die Preise in der Villa beinhalten den Zugang zum Wellness-Center.<br \/>G\u00fcltigkeit der Preisliste ab 23.&nbsp;1.&nbsp;2023.<\/em><\/p>\n\t\t\t\t\t\t\t\t<\/div>\n\t\t\t\t<\/div>\n\t\t\t\t<div class=\"elementor-element elementor-element-a871da6 elementor-align-center elementor-widget__width-auto elementor-widget elementor-widget-button\" data-id=\"a871da6\" data-element_type=\"widget\" data-e-type=\"widget\" data-widget_type=\"button.default\">\n\t\t\t\t<div class=\"elementor-widget-container\">\n\t\t\t\t\t\t\t\t\t<div class=\"elementor-button-wrapper\">\n\t\t\t\t\t<a class=\"elementor-button elementor-button-link elementor-size-sm\" href=\"https:\/\/pensionugolfu.cz\/de\/ueber-villa\/\">\n\t\t\t\t\t\t<span class=\"elementor-button-content-wrapper\">\n\t\t\t\t\t\t\t\t\t<span class=\"elementor-button-text\">\u00dcber Villa<\/span>\n\t\t\t\t\t<\/span>\n\t\t\t\t\t<\/a>\n\t\t\t\t<\/div>\n\t\t\t\t\t\t\t\t<\/div>\n\t\t\t\t<\/div>\n\t\t\t\t<div class=\"elementor-element elementor-element-ec81dac elementor-align-center elementor-widget__width-auto elementor-widget elementor-widget-button\" data-id=\"ec81dac\" data-element_type=\"widget\" data-e-type=\"widget\" data-widget_type=\"button.default\">\n\t\t\t\t<div class=\"elementor-widget-container\">\n\t\t\t\t\t\t\t\t\t<div class=\"elementor-button-wrapper\">\n\t\t\t\t\t<a class=\"elementor-button elementor-button-link elementor-size-sm\" href=\"https:\/\/pensionugolfu.cz\/de\/reservierung-villa\/\">\n\t\t\t\t\t\t<span class=\"elementor-button-content-wrapper\">\n\t\t\t\t\t\t\t\t\t<span class=\"elementor-button-text\">Reservierung<\/span>\n\t\t\t\t\t<\/span>\n\t\t\t\t\t<\/a>\n\t\t\t\t<\/div>\n\t\t\t\t\t\t\t\t<\/div>\n\t\t\t\t<\/div>\n\t\t\t\t<div class=\"elementor-element elementor-element-c65191b elementor-widget elementor-widget-shortcode\" data-id=\"c65191b\" data-element_type=\"widget\" data-e-type=\"widget\" data-widget_type=\"shortcode.default\">\n\t\t\t\t<div class=\"elementor-widget-container\">\n\t\t\t\t\t\t\t<div class=\"elementor-shortcode\">\t\t<div data-elementor-type=\"section\" data-elementor-id=\"2032\" class=\"elementor elementor-2032\" data-elementor-post-type=\"elementor_library\">\n\t\t\t\t\t<section class=\"elementor-section elementor-top-section elementor-element elementor-element-2be82901 elementor-section-boxed elementor-section-height-default elementor-section-height-default\" data-id=\"2be82901\" data-element_type=\"section\" data-e-type=\"section\" data-settings=\"{&quot;jet_parallax_layout_list&quot;:[]}\">\n\t\t\t\t\t\t<div class=\"elementor-container elementor-column-gap-default\">\n\t\t\t\t\t<div class=\"elementor-column elementor-col-100 elementor-top-column elementor-element elementor-element-4b5d9b98\" data-id=\"4b5d9b98\" data-element_type=\"column\" data-e-type=\"column\">\n\t\t\t<div class=\"elementor-widget-wrap elementor-element-populated\">\n\t\t\t\t\t\t<div class=\"elementor-element elementor-element-1f3747c8 elementor-widget elementor-widget-image\" data-id=\"1f3747c8\" data-element_type=\"widget\" data-e-type=\"widget\" data-widget_type=\"image.default\">\n\t\t\t\t<div class=\"elementor-widget-container\">\n\t\t\t\t\t\t\t\t\t\t\t\t\t\t\t\t<a href=\"https:\/\/pensionugolfu.cz\/de\/\">\n\t\t\t\t\t\t\t<img decoding=\"async\" width=\"52\" height=\"70\" src=\"https:\/\/pensionugolfu.cz\/wp-content\/uploads\/2022\/03\/icon-cahteau-cihelny_-2.svg\" class=\"attachment-full size-full wp-image-4870\" alt=\"\" \/>\t\t\t\t\t\t\t\t<\/a>\n\t\t\t\t\t\t\t\t\t\t\t\t\t\t\t<\/div>\n\t\t\t\t<\/div>\n\t\t\t\t\t<\/div>\n\t\t<\/div>\n\t\t\t\t\t<\/div>\n\t\t<\/section>\n\t\t\t\t<\/div>\n\t\t<\/div>\n\t\t\t\t\t\t<\/div>\n\t\t\t\t<\/div>\n\t\t\t\t\t<\/div>\n\t\t<\/div>\n\t\t\t\t\t<\/div>\n\t\t<\/section>\n\t\t\t\t<\/div>\n\t\t","protected":false},"excerpt":{"rendered":"<p>Preisliste der Unterkunft in Villa Golf Die Preise verstehen sich in CZK mit MwSt. (10&nbsp;%) pro Zimmer und Nacht und beinhalten Fr\u00fchst\u00fcck, Eintritt ins Wellness-Center und Parkplatz. Die Kurtaxe in der H\u00f6he von 50&nbsp;CZK pro Person\/Tag ist nicht im Preis inbegriffen. Villa Golf Hauptsaison Nebensaison Filmfestival 4 Dopplezimmer (das ganze Objekt) 17&nbsp;900&nbsp;15&nbsp;900&nbsp;21&nbsp;500 Die [&hellip;]<\/p>\n","protected":false},"author":8,"featured_media":0,"parent":0,"menu_order":0,"comment_status":"closed","ping_status":"closed","template":"","meta":{"inline_featured_image":false,"iawp_total_views":0,"footnotes":""},"class_list":["post-5362","page","type-page","status-publish","hentry"],"_links":{"self":[{"href":"https:\/\/pensionugolfu.cz\/de\/wp-json\/wp\/v2\/pages\/5362","targetHints":{"allow":["GET"]}}],"collection":[{"href":"https:\/\/pensionugolfu.cz\/de\/wp-json\/wp\/v2\/pages"}],"about":[{"href":"https:\/\/pensionugolfu.cz\/de\/wp-json\/wp\/v2\/types\/page"}],"author":[{"embeddable":true,"href":"https:\/\/pensionugolfu.cz\/de\/wp-json\/wp\/v2\/users\/8"}],"replies":[{"embeddable":true,"href":"https:\/\/pensionugolfu.cz\/de\/wp-json\/wp\/v2\/comments?post=5362"}],"version-history":[{"count":0,"href":"https:\/\/pensionugolfu.cz\/de\/wp-json\/wp\/v2\/pages\/5362\/revisions"}],"wp:attachment":[{"href":"https:\/\/pensionugolfu.cz\/de\/wp-json\/wp\/v2\/media?parent=5362"}],"curies":[{"name":"wp","href":"https:\/\/api.w.org\/{rel}","templated":true}]}}