{"id":5103,"date":"2022-03-07T13:37:29","date_gmt":"2022-03-07T12:37:29","guid":{"rendered":"https:\/\/penzionugolfu.cz\/informationen-ueber-die-umgebung\/"},"modified":"2025-06-12T11:27:55","modified_gmt":"2025-06-12T09:27:55","slug":"informationen-ueber-die-umgebung","status":"publish","type":"page","link":"https:\/\/pensionugolfu.cz\/de\/informationen-ueber-die-umgebung\/","title":{"rendered":"Informationen \u00fcber die Umgebung"},"content":{"rendered":"\t\t<div data-elementor-type=\"wp-page\" data-elementor-id=\"5103\" class=\"elementor elementor-5103 elementor-566\" data-elementor-post-type=\"page\">\n\t\t\t\t\t\t<section class=\"elementor-section elementor-top-section elementor-element elementor-element-b6fcd09 elementor-section-boxed elementor-section-height-default elementor-section-height-default\" data-id=\"b6fcd09\" data-element_type=\"section\" data-e-type=\"section\" data-settings=\"{&quot;jet_parallax_layout_list&quot;:[]}\">\n\t\t\t\t\t\t<div class=\"elementor-container elementor-column-gap-default\">\n\t\t\t\t\t<div class=\"elementor-column elementor-col-100 elementor-top-column elementor-element elementor-element-2355f6c\" data-id=\"2355f6c\" data-element_type=\"column\" data-e-type=\"column\">\n\t\t\t<div class=\"elementor-widget-wrap elementor-element-populated\">\n\t\t\t\t\t\t<div class=\"elementor-element elementor-element-225f6f6 elementor-widget elementor-widget-heading\" data-id=\"225f6f6\" data-element_type=\"widget\" data-e-type=\"widget\" data-widget_type=\"heading.default\">\n\t\t\t\t<div class=\"elementor-widget-container\">\n\t\t\t\t\t<h1 class=\"elementor-heading-title elementor-size-default\">Informationen \u00fcber die Umgebung<\/h1>\t\t\t\t<\/div>\n\t\t\t\t<\/div>\n\t\t\t\t<div class=\"elementor-element elementor-element-9692332 elementor-widget elementor-widget-text-editor\" data-id=\"9692332\" data-element_type=\"widget\" data-e-type=\"widget\" data-widget_type=\"text-editor.default\">\n\t\t\t\t<div class=\"elementor-widget-container\">\n\t\t\t\t\t\t\t\t\t<p>Wir geben Ihnen Tipps f\u00fcr einen Ausflug in die Umgebung und zu kulturellen Sehensw\u00fcrdigkeiten, f\u00fcr das Zentrum von Karlsbad und nicht zuletzt f\u00fcr beliebte Ziele f\u00fcr Radfahrer.<\/p>\t\t\t\t\t\t\t\t<\/div>\n\t\t\t\t<\/div>\n\t\t\t\t<div class=\"elementor-element elementor-element-09f7a97 elementor-widget elementor-widget-heading\" data-id=\"09f7a97\" data-element_type=\"widget\" data-e-type=\"widget\" data-widget_type=\"heading.default\">\n\t\t\t\t<div class=\"elementor-widget-container\">\n\t\t\t\t\t<h2 class=\"elementor-heading-title elementor-size-default\">B\u00e4derdreieck in UNESCO<\/h2>\t\t\t\t<\/div>\n\t\t\t\t<\/div>\n\t\t\t\t<div class=\"elementor-element elementor-element-f8055cc elementor-widget elementor-widget-text-editor\" data-id=\"f8055cc\" data-element_type=\"widget\" data-e-type=\"widget\" data-widget_type=\"text-editor.default\">\n\t\t\t\t<div class=\"elementor-widget-container\">\n\t\t\t\t\t\t\t\t\t<p>Karlovy Vary hat eine stolze Position auf der Karte des Weltkulturerbes und die drei bedeutendsten Kurorte freuen sich auf Ihren Besuch.<\/p><p>Karlovy Vary <a href=\"http:\/\/www.karlovyvary.cz\" target=\"_blank\" rel=\"noopener\">www.karlovyvary.cz<\/a><br>Mari\u00e1nsk\u00e9 L\u00e1zn\u011b <a href=\"http:\/\/www.marianskelazne.cz\" target=\"_blank\" rel=\"noopener\">www.marianskelazne.cz<\/a><br>Franti\u0161kovy L\u00e1zn\u011b <a href=\"http:\/\/www.frantiskovy-lazne.info\" target=\"_blank\" rel=\"noopener\">www.frantiskovy-lazne.info<\/a><\/p>\t\t\t\t\t\t\t\t<\/div>\n\t\t\t\t<\/div>\n\t\t\t\t<div class=\"elementor-element elementor-element-5bb47ae elementor-widget elementor-widget-text-editor\" data-id=\"5bb47ae\" data-element_type=\"widget\" data-e-type=\"widget\" data-widget_type=\"text-editor.default\">\n\t\t\t\t<div class=\"elementor-widget-container\">\n\t\t\t\t\t\t\t\t\t<p>Karlovy Vary und sein historisches Zentrum sind heute ein beliebtes Touristenziel, und die Popularit\u00e4t des Kurortes und der Heilquellen wird durch das <strong>Internationale Filmfestival KVIFF<\/strong> erg\u00e4nzt, das jedes Jahr Kinofans aus der ganzen Welt anzieht. Die Stadt ist reich an sch\u00f6nen historischen Geb\u00e4uden, die eine Vielzahl von historischen Stilen vereinen, darunter auch Kurh\u00e4user und Stadth\u00e4user. Sie k\u00f6nnen einen Spaziergang durch das Stadtzentrum entlang des Flusses Tepl\u00e1 machen, die <strong>f\u00fcnf pr\u00e4chtigen Kolonnaden besichtigen<\/strong> und die heilenden Mineralquellen ausprobieren, die f\u00fcr ihre wohltuende Wirkung bekannt sind. Beliebt sind auch die traditionellen <strong>Wellness-Waffeln.<\/strong> Bei einer Reise nach Karlovy Vary sollte man auch die <strong>Glash\u00fctte Moser,<\/strong> die <strong>Porzellanfabrik Thun<\/strong> und das <strong>Jan-Becher-Museum<\/strong> mit einer Becherovka-Verkostung besichtigen. Auf den Spuren Mattonis werden sein Leben und die Geschichte des Mineralwassers im <strong>Mattoni-Museum<\/strong> dargestellt. Au\u00dferdem k\u00f6nnen Sie die pr\u00e4chtige Neorenaissance-<strong>Villa Mattoni<\/strong> besichtigen.<\/p><p>Wenn Sie mehr \u00fcber das Quellwasser erfahren m\u00f6chten, sollten Sie einen Ausflug in die <strong>unterirdische Quellkolonnade<\/strong> unternehmen. In der Kurstadt gibt es <strong>13 Mineralquellen<\/strong>. Im Museum von Karlovy Vary erfahren Sie alles \u00fcber die Geschichte des Kurortes. Sie k\u00f6nnen auch das <strong>Papilonia-Schmetterlingshaus<\/strong> und das <strong>Wachsmuseum<\/strong> besuchen.<\/p><p>Die <strong>Aussichtst\u00fcrme und Aussichtspunkte<\/strong> von Karlovy Vary bieten wundersch\u00f6ne Aussichten. Der <strong>Dianaturm<\/strong> steht auf der Liste der Kulturdenkm\u00e4ler, und man kann mit einer Seilbahn auf den Turm fahren. Die \u00e4lteste Sehensw\u00fcrdigkeit ist der h\u00f6lzerne Pavillon Mayer\u016fv gloriet, auch bekannt als <strong>Hirschsprung<\/strong>. Nur wenige Meter entfernt befindet sich der Aussichtspunkt Peter der Gro\u00dfe. Der <strong>Drei-Kreuze-Pavillon<\/strong> bietet einen sch\u00f6nen Blick auf die Stadt, und in der N\u00e4he befindet sich eine weitere M\u00f6glichkeit, die <strong>Camera Obscura.<\/strong> Sie k\u00f6nnen <strong>Goethes Aussichtspunkt<\/strong> auch mit dem Auto besuchen, ein Parkplatz befindet sich nicht weit entfernt. In der N\u00e4he von Karlovy Vary befindet sich der Aussichtsturm <strong>Ple\u0161ivec<\/strong>, von dem aus kann man, nach dem Erklimmen von 66 Stufen, die Aussicht auf Erzgebirge und sein h\u00f6chster Berg Kl\u00ednovec und Fichtelberg auf deutscher Seite, das Doupovsk\u00e9 hory und Slavkovsk\u00fd les geniessen. Mit dem Auto k\u00f6nnen Sie direkt zum Aussichtsturm <strong>Kl\u00ednovec<\/strong> fahren, oder Sie benutzen die Seilbahn.<\/p><p><strong>Die g\u00fcnstige<\/strong> <strong>Region Card<\/strong> kann man im KV-Informationszentrum oder online unter <a href=\"http:\/\/www.karlovyvarycard.cz\" target=\"_blank\" rel=\"noopener\">www.karlovyvarycard.cz<\/a> kaufen.<br><strong>Die <a href=\"https:\/\/www.smart-guide.org\/destinations\/cs\/karlovy-vary\/\" target=\"_blank\" rel=\"noopener\">SmartGuide-App<\/a><\/strong> ist ein Reisef\u00fchrer f\u00fcr St\u00e4dte auf der ganzen Welt. Es \u00f6ffnet sich ein Men\u00fc mit einzelnen Routen.<\/p>\t\t\t\t\t\t\t\t<\/div>\n\t\t\t\t<\/div>\n\t\t\t\t<div class=\"elementor-element elementor-element-4143f62 elementor-widget elementor-widget-heading\" data-id=\"4143f62\" data-element_type=\"widget\" data-e-type=\"widget\" data-widget_type=\"heading.default\">\n\t\t\t\t<div class=\"elementor-widget-container\">\n\t\t\t\t\t<h2 class=\"elementor-heading-title elementor-size-default\">Touristische Ziele und Attraktionen in der Umgebung<\/h2>\t\t\t\t<\/div>\n\t\t\t\t<\/div>\n\t\t\t\t<div class=\"elementor-element elementor-element-484bf68 elementor-widget elementor-widget-text-editor\" data-id=\"484bf68\" data-element_type=\"widget\" data-e-type=\"widget\" data-widget_type=\"text-editor.default\">\n\t\t\t\t<div class=\"elementor-widget-container\">\n\t\t\t\t\t\t\t\t\t<p>Die Ziele der Reisen k\u00f6nnen Burgen, Schl\u00f6sser und Ruinen sein. Die mittelalterliche <strong>Burg Loket<\/strong> bietet den Besuchern eine Ausstellung historischer Waffen, gotischer Wandmalereien und Exponate aus der Loket-Sammlung an. Das Amphitheater der Burg Loket verdient besondere Aufmerksamkeit, wo es Ihnen im Sommer an <strong>kulturellen Erlebnissen<\/strong> nicht mangeln wird. Die staatliche Burg und das <strong>Schloss von Be\u010dov nad Teplou<\/strong> bieten viele Attraktionen. Das wertvollste Juwel ist <strong>das Reliquiar des Heiligen Maurus <\/strong>, nach den Kronjuwelen das zweitwertvollste Denkmal in der Tschechischen Republik, mit Gravuren aus dem 1.&nbsp;bis 3. Jahrhundert nach Christus.    In Be\u010dov k\u00f6nnen Sie auch den botanischen Garten, das Spielzeugmuseum, oder das Motorradmuseum besuchen.<\/p><p>Das beliebte Skigebiet des Erzgebirges befindet sich in dem Bergdorf <strong>Bo\u017e\u00ed dar.<\/strong> Zusammen mit dem nahe gelegenen <strong>Skigebiet Kl\u00ednovec<\/strong> bietet es den Skifahrern im Winter zahlreiche Abfahrtspisten mit unterschiedlichen Schwierigkeitsgraden. Die wilde Natur des Erzgebirges ist auch ideal zum Wandern und Radfahren. Der Lehrpfad, der durch das nationale Naturschutzgebiet <strong>Bo\u017e\u00eddarsk\u00e9 ra\u0161elini\u0161t\u011b<\/strong> (Torfgebiet), ist eine von mehreren M\u00f6glichkeiten.<\/p>\t\t\t\t\t\t\t\t<\/div>\n\t\t\t\t<\/div>\n\t\t\t\t<div class=\"elementor-element elementor-element-6b1ae8c elementor-widget elementor-widget-heading\" data-id=\"6b1ae8c\" data-element_type=\"widget\" data-e-type=\"widget\" data-widget_type=\"heading.default\">\n\t\t\t\t<div class=\"elementor-widget-container\">\n\t\t\t\t\t<h2 class=\"elementor-heading-title elementor-size-default\">Familien mit Kindern<\/h2>\t\t\t\t<\/div>\n\t\t\t\t<\/div>\n\t\t\t\t<div class=\"elementor-element elementor-element-c96132f elementor-widget elementor-widget-text-editor\" data-id=\"c96132f\" data-element_type=\"widget\" data-e-type=\"widget\" data-widget_type=\"text-editor.default\">\n\t\t\t\t<div class=\"elementor-widget-container\">\n\t\t\t\t\t\t\t\t\t<p class=\"p1\">In der Porzellanschule Thun k\u00f6nnen Sie mit Ihren Kindern eigene Tassen dekorieren oder im <strong>Kinderparadies<\/strong> eine Fahrt bei den Svato\u0161sk\u00e9 Felsen auf Appaloosa-Indianerpferden unternehmen. Im <strong>Weihnachtshaus<\/strong> erleben Sie und Ihre Kinder das ganze Jahr \u00fcber die magische Atmosph\u00e4re von Weihnachten.<\/p><p>Wenn Sie einen Ausflug mit Kindern unternehmen m\u00f6chten, sollten Sie den M\u00e4rchenweg <strong>Christkindweg<\/strong> bei Bo\u017e\u00ed Dar besuchen. Die Kinderwelt im Skigebiet Novako bietet aktive Erlebnisse mit dem Verleih von Bergrollern und Gel\u00e4ndewagen. Sie k\u00f6nnen den Hochseilpark in der Gegend von Ple\u0161ivec oder in den Wipfeln der B\u00e4ume \u00fcber der Burg Loket besuchen, wo f\u00fcr Spa\u00df und Grusel gesorgt ist. Unser Tipp ist der <strong>Miniaturpark<\/strong> Bohemia in Mari\u00e1nsk\u00e9 L\u00e1zn\u011b.<\/p>\t\t\t\t\t\t\t\t<\/div>\n\t\t\t\t<\/div>\n\t\t\t\t<div class=\"elementor-element elementor-element-1e30e6d elementor-align-center elementor-widget__width-auto elementor-widget elementor-widget-button\" data-id=\"1e30e6d\" data-element_type=\"widget\" data-e-type=\"widget\" data-widget_type=\"button.default\">\n\t\t\t\t<div class=\"elementor-widget-container\">\n\t\t\t\t\t\t\t\t\t<div class=\"elementor-button-wrapper\">\n\t\t\t\t\t<a class=\"elementor-button elementor-button-link elementor-size-sm\" href=\"https:\/\/pensionugolfu.cz\/de\/touristische-ziele\/\">\n\t\t\t\t\t\t<span class=\"elementor-button-content-wrapper\">\n\t\t\t\t\t\t\t\t\t<span class=\"elementor-button-text\">Radtouren<\/span>\n\t\t\t\t\t<\/span>\n\t\t\t\t\t<\/a>\n\t\t\t\t<\/div>\n\t\t\t\t\t\t\t\t<\/div>\n\t\t\t\t<\/div>\n\t\t\t\t<div class=\"elementor-element elementor-element-f001ef3 elementor-widget elementor-widget-shortcode\" data-id=\"f001ef3\" data-element_type=\"widget\" data-e-type=\"widget\" data-widget_type=\"shortcode.default\">\n\t\t\t\t<div class=\"elementor-widget-container\">\n\t\t\t\t\t\t\t<div class=\"elementor-shortcode\">\t\t<div data-elementor-type=\"section\" data-elementor-id=\"2032\" class=\"elementor elementor-2032\" data-elementor-post-type=\"elementor_library\">\n\t\t\t\t\t<section class=\"elementor-section elementor-top-section elementor-element elementor-element-2be82901 elementor-section-boxed elementor-section-height-default elementor-section-height-default\" data-id=\"2be82901\" data-element_type=\"section\" data-e-type=\"section\" data-settings=\"{&quot;jet_parallax_layout_list&quot;:[]}\">\n\t\t\t\t\t\t<div class=\"elementor-container elementor-column-gap-default\">\n\t\t\t\t\t<div class=\"elementor-column elementor-col-100 elementor-top-column elementor-element elementor-element-4b5d9b98\" data-id=\"4b5d9b98\" data-element_type=\"column\" data-e-type=\"column\">\n\t\t\t<div class=\"elementor-widget-wrap elementor-element-populated\">\n\t\t\t\t\t\t<div class=\"elementor-element elementor-element-1f3747c8 elementor-widget elementor-widget-image\" data-id=\"1f3747c8\" data-element_type=\"widget\" data-e-type=\"widget\" data-widget_type=\"image.default\">\n\t\t\t\t<div class=\"elementor-widget-container\">\n\t\t\t\t\t\t\t\t\t\t\t\t\t\t\t\t<a href=\"https:\/\/pensionugolfu.cz\/de\/\">\n\t\t\t\t\t\t\t<img decoding=\"async\" width=\"52\" height=\"70\" src=\"https:\/\/pensionugolfu.cz\/wp-content\/uploads\/2022\/03\/icon-cahteau-cihelny_-2.svg\" class=\"attachment-full size-full wp-image-4870\" alt=\"\" \/>\t\t\t\t\t\t\t\t<\/a>\n\t\t\t\t\t\t\t\t\t\t\t\t\t\t\t<\/div>\n\t\t\t\t<\/div>\n\t\t\t\t\t<\/div>\n\t\t<\/div>\n\t\t\t\t\t<\/div>\n\t\t<\/section>\n\t\t\t\t<\/div>\n\t\t<\/div>\n\t\t\t\t\t\t<\/div>\n\t\t\t\t<\/div>\n\t\t\t\t\t<\/div>\n\t\t<\/div>\n\t\t\t\t\t<\/div>\n\t\t<\/section>\n\t\t\t\t<\/div>\n\t\t","protected":false},"excerpt":{"rendered":"<p>Informationen \u00fcber die Umgebung Wir geben Ihnen Tipps f\u00fcr einen Ausflug in die Umgebung und zu kulturellen Sehensw\u00fcrdigkeiten, f\u00fcr das Zentrum von Karlsbad und nicht zuletzt f\u00fcr beliebte Ziele f\u00fcr Radfahrer. B\u00e4derdreieck in UNESCO Karlovy Vary hat eine stolze Position auf der Karte des Weltkulturerbes und die drei bedeutendsten Kurorte freuen sich auf Ihren Besuch. [&hellip;]<\/p>\n","protected":false},"author":8,"featured_media":0,"parent":0,"menu_order":0,"comment_status":"closed","ping_status":"closed","template":"","meta":{"inline_featured_image":false,"iawp_total_views":23,"footnotes":""},"class_list":["post-5103","page","type-page","status-publish","hentry"],"_links":{"self":[{"href":"https:\/\/pensionugolfu.cz\/de\/wp-json\/wp\/v2\/pages\/5103","targetHints":{"allow":["GET"]}}],"collection":[{"href":"https:\/\/pensionugolfu.cz\/de\/wp-json\/wp\/v2\/pages"}],"about":[{"href":"https:\/\/pensionugolfu.cz\/de\/wp-json\/wp\/v2\/types\/page"}],"author":[{"embeddable":true,"href":"https:\/\/pensionugolfu.cz\/de\/wp-json\/wp\/v2\/users\/8"}],"replies":[{"embeddable":true,"href":"https:\/\/pensionugolfu.cz\/de\/wp-json\/wp\/v2\/comments?post=5103"}],"version-history":[{"count":2,"href":"https:\/\/pensionugolfu.cz\/de\/wp-json\/wp\/v2\/pages\/5103\/revisions"}],"predecessor-version":[{"id":11158,"href":"https:\/\/pensionugolfu.cz\/de\/wp-json\/wp\/v2\/pages\/5103\/revisions\/11158"}],"wp:attachment":[{"href":"https:\/\/pensionugolfu.cz\/de\/wp-json\/wp\/v2\/media?parent=5103"}],"curies":[{"name":"wp","href":"https:\/\/api.w.org\/{rel}","templated":true}]}}